{"id":104,"date":"2026-03-07T18:02:30","date_gmt":"2026-03-07T18:02:30","guid":{"rendered":"https:\/\/testi.stresa.fi\/index.php\/kirjailijat\/"},"modified":"2026-04-15T15:15:30","modified_gmt":"2026-04-15T15:15:30","slug":"kirjailijat","status":"publish","type":"page","link":"https:\/\/testi.stresa.fi\/index.php\/kirjailijat\/","title":{"rendered":"KIRJAILIJAT"},"content":{"rendered":"\n<div class=\"wp-block-columns is-layout-flex wp-container-core-columns-is-layout-28f84493 wp-block-columns-is-layout-flex\">\n<div class=\"wp-block-column is-layout-flow wp-block-column-is-layout-flow\">\n<div class=\"wp-block-columns is-layout-flex wp-container-core-columns-is-layout-28f84493 wp-block-columns-is-layout-flex\">\n<div class=\"wp-block-column is-layout-flow wp-block-column-is-layout-flow\" style=\"flex-basis:50%\">\n<div class=\"wp-block-columns is-layout-flex wp-container-core-columns-is-layout-28f84493 wp-block-columns-is-layout-flex\">\n<div class=\"wp-block-column is-layout-flow wp-block-column-is-layout-flow\" style=\"flex-basis:33.33%\"><\/div>\n\n\n\n<div class=\"wp-block-column is-layout-flow wp-block-column-is-layout-flow\" style=\"flex-basis:66.66%\"><\/div>\n<\/div>\n<\/div>\n\n\n\n<div class=\"wp-block-column is-layout-flow wp-block-column-is-layout-flow\" style=\"flex-basis:50%\"><\/div>\n<\/div>\n\n\n\n<div class=\"wp-block-columns is-layout-flex wp-container-core-columns-is-layout-28f84493 wp-block-columns-is-layout-flex\">\n<div class=\"wp-block-column is-layout-flow wp-block-column-is-layout-flow\" style=\"flex-basis:33.33%\">\n<figure class=\"wp-block-image size-full is-resized\"><img loading=\"lazy\" decoding=\"async\" width=\"700\" height=\"852\" src=\"https:\/\/testi.stresa.fi\/wp-content\/uploads\/2026\/04\/Pekka-Arppe_raj.jpg\" alt=\"\" class=\"wp-image-402\" style=\"aspect-ratio:0.8077493883117404;width:297px;height:auto\" srcset=\"https:\/\/testi.stresa.fi\/wp-content\/uploads\/2026\/04\/Pekka-Arppe_raj.jpg 700w, https:\/\/testi.stresa.fi\/wp-content\/uploads\/2026\/04\/Pekka-Arppe_raj-246x300.jpg 246w\" sizes=\"auto, (max-width: 700px) 100vw, 700px\" \/><\/figure>\n<\/div>\n\n\n\n<div class=\"wp-block-column is-layout-flow wp-block-column-is-layout-flow\" style=\"flex-basis:66.66%\">\n<h5 class=\"wp-block-heading\">Pekka Arppe<\/h5>\n\n\n\n<p>Syntyper\u00e4inen Kallion kasvatti ja insin\u00f6\u00f6ri. Kun silta- ja satamaprojektit ovat j\u00e4\u00e4neet taka-alalle, h\u00e4nell\u00e4 on vihdoinkin aikaa mieliharrastukselleen, kirjoittamiselle. Timanttinapsut-romaani ilmestyi syskyll\u00e4 2018, vuonna 2019 novellikokoelma Hajonnan sis\u00e4ll\u00e4 ja vuonna 2022 ilmestyi romaani Hiekkaa silmille.<\/p>\n\n\n\n<p><a href=\"https:\/\/testi.stresa.fi\/index.php\/pekka-arppe-timanttinapsut\/\" target=\"_blank\" rel=\"noreferrer noopener\">Timanttinapsut<\/a><br><a href=\"https:\/\/testi.stresa.fi\/index.php\/pekka-arppe-hajonnan-sisalla\/\" target=\"_blank\" rel=\"noreferrer noopener\">Hajonnan sis\u00e4ll\u00e4<\/a><br><a href=\"https:\/\/testi.stresa.fi\/index.php\/pekka-arppe-hiekkaa-silmille\/\" target=\"_blank\" rel=\"noreferrer noopener\">Hiekkaa silmille<\/a><\/p>\n\n\n\n<p><\/p>\n<\/div>\n<\/div>\n\n\n\n<hr class=\"wp-block-separator has-text-color has-palette-color-9-color has-alpha-channel-opacity has-palette-color-9-background-color has-background\"\/>\n\n\n\n<div class=\"wp-block-columns is-layout-flex wp-container-core-columns-is-layout-28f84493 wp-block-columns-is-layout-flex\">\n<div class=\"wp-block-column is-layout-flow wp-block-column-is-layout-flow\" style=\"flex-basis:66.66%\">\n<h5 class=\"wp-block-heading\">Siru Aura<\/h5>\n\n\n\n<p>Siru Aura asui l\u00e4hes kaksi vuotta Intiassa ja teki ensin vapaaehtoist\u00f6it\u00e4 ja sitten antropologista kentt\u00e4ty\u00f6t\u00e4 tutustuen intialaisnaisiin, naisj\u00e4rjest\u00f6jen arkeen ja oikeuden k\u00e4yt\u00e4nt\u00f6ihin. Idea Auran My\u00f6t\u00e4j\u00e4iset-esikoisromaaniin syntyi intialaisten eronneiden naisten el\u00e4m\u00e4\u00e4 k\u00e4sittelev\u00e4n antropologisen v\u00e4it\u00f6skirjatutkimuksen aikana. Siru Aura uskoo, ett\u00e4 sanat ovat tekoja, jotka muuttavat maailmaa. H\u00e4n on j\u00e4rjest\u00f6ty\u00f6n pitk\u00e4n linjan viestinn\u00e4n ammattilainen, jonka mielest\u00e4 kirjoittaminen on j\u00e4nnitt\u00e4vint\u00e4, mit\u00e4 ihminen voi tehd\u00e4 \u2013 ikin\u00e4 ei tied\u00e4 minne p\u00e4\u00e4tyy.<br><br><a href=\"https:\/\/testi.stresa.fi\/index.php\/siru-aura-myotajaiset\/\" target=\"_blank\" rel=\"noreferrer noopener\">My\u00f6t\u00e4j\u00e4iset<\/a><\/p>\n<\/div>\n\n\n\n<div class=\"wp-block-column is-layout-flow wp-block-column-is-layout-flow\" style=\"flex-basis:33.33%\">\n<figure class=\"wp-block-image size-full is-resized\"><img loading=\"lazy\" decoding=\"async\" width=\"700\" height=\"852\" src=\"https:\/\/testi.stresa.fi\/wp-content\/uploads\/2026\/04\/Siru-Aura_kuvaajaMariVehkalahti_SPR_9_raj.jpg\" alt=\"\" class=\"wp-image-404\" style=\"aspect-ratio:0.821590306393048;width:304px;height:auto\" srcset=\"https:\/\/testi.stresa.fi\/wp-content\/uploads\/2026\/04\/Siru-Aura_kuvaajaMariVehkalahti_SPR_9_raj.jpg 700w, https:\/\/testi.stresa.fi\/wp-content\/uploads\/2026\/04\/Siru-Aura_kuvaajaMariVehkalahti_SPR_9_raj-246x300.jpg 246w\" sizes=\"auto, (max-width: 700px) 100vw, 700px\" \/><\/figure>\n<\/div>\n<\/div>\n<\/div>\n<\/div>\n\n\n\n<hr class=\"wp-block-separator has-text-color has-palette-color-9-color has-alpha-channel-opacity has-palette-color-9-background-color has-background\"\/>\n\n\n\n<div class=\"wp-block-columns is-layout-flex wp-container-core-columns-is-layout-28f84493 wp-block-columns-is-layout-flex\">\n<div class=\"wp-block-column is-layout-flow wp-block-column-is-layout-flow\" style=\"flex-basis:33.33%\">\n<figure class=\"wp-block-image size-full is-resized\"><img loading=\"lazy\" decoding=\"async\" width=\"1728\" height=\"2408\" src=\"https:\/\/testi.stresa.fi\/wp-content\/uploads\/2026\/04\/Maritta-Hirvonen_ok-raj.jpg\" alt=\"\" class=\"wp-image-528\" style=\"aspect-ratio:0.7175996864198411;width:300px;height:auto\" srcset=\"https:\/\/testi.stresa.fi\/wp-content\/uploads\/2026\/04\/Maritta-Hirvonen_ok-raj.jpg 1728w, https:\/\/testi.stresa.fi\/wp-content\/uploads\/2026\/04\/Maritta-Hirvonen_ok-raj-215x300.jpg 215w, https:\/\/testi.stresa.fi\/wp-content\/uploads\/2026\/04\/Maritta-Hirvonen_ok-raj-735x1024.jpg 735w, https:\/\/testi.stresa.fi\/wp-content\/uploads\/2026\/04\/Maritta-Hirvonen_ok-raj-768x1070.jpg 768w, https:\/\/testi.stresa.fi\/wp-content\/uploads\/2026\/04\/Maritta-Hirvonen_ok-raj-1102x1536.jpg 1102w, https:\/\/testi.stresa.fi\/wp-content\/uploads\/2026\/04\/Maritta-Hirvonen_ok-raj-1470x2048.jpg 1470w\" sizes=\"auto, (max-width: 1728px) 100vw, 1728px\" \/><\/figure>\n<\/div>\n\n\n\n<div class=\"wp-block-column is-layout-flow wp-block-column-is-layout-flow\" style=\"flex-basis:66.66%\">\n<h5 class=\"wp-block-heading\">Maritta Hirvonen<\/h5>\n\n\n\n<p>Maritta Hirvonen on nokialainen, Tampereella syntynyt vapaa kirjoittaja. Hirvonen on toiminut taustavaikuttajana kirjallisuuden ja muun kulttuurin alalla. H\u00e4nell\u00e4 on takanaan kolmikymmenvuotinen ura Tampereen kulttuurihallinnossa, josta viimeiset 21 vuotta Tampere Filharmonian intendenttin\u00e4.<br><br><a href=\"https:\/\/testi.stresa.fi\/index.php\/maritta-hirvonen-seiso-vankkana-suomalainen\/\" target=\"_blank\" rel=\"noreferrer noopener\">Seiso vankkana suomalainen<\/a><br><a href=\"https:\/\/testi.stresa.fi\/index.php\/maritta-hirvonen-hamaranmaassa-valon-syvyys\/\" target=\"_blank\" rel=\"noreferrer noopener\">H\u00e4m\u00e4r\u00e4nmaassa valon syvyys<\/a><br><a href=\"https:\/\/testi.stresa.fi\/index.php\/maritta-hirvonen-komediantit\/\" target=\"_blank\" rel=\"noreferrer noopener\">Komediantit<\/a><br><a href=\"https:\/\/testi.stresa.fi\/index.php\/maritta-hirvonen-pikkukamarimusiikkia\/\" target=\"_blank\" rel=\"noreferrer noopener\">Pikkukamarimusiikkia<\/a><br><a href=\"https:\/\/testi.stresa.fi\/index.php\/maritta-hirvonen-aikaviivoja-rakkautta\/\" target=\"_blank\" rel=\"noreferrer noopener\">Aikaviivoja, rakkautta<\/a><br><a href=\"https:\/\/testi.stresa.fi\/index.php\/maritta-hirvonen-allegro-barbaro\/\" target=\"_blank\" rel=\"noreferrer noopener\">Allegro Barbaro<\/a><br><a href=\"https:\/\/testi.stresa.fi\/index.php\/maritta-hirvonen-ajan-kuohuista-yhteinen-savel-tampere-filharmonia-1930-2025\/\" target=\"_blank\" rel=\"noreferrer noopener\">Ajan kuohuista yhteinen s\u00e4vel &#8211; Tampere Filharmonia 1930-2025<\/a><\/p>\n<\/div>\n<\/div>\n\n\n\n<p><\/p>\n\n\n\n<hr class=\"wp-block-separator has-text-color has-palette-color-9-color has-alpha-channel-opacity has-palette-color-9-background-color has-background\"\/>\n\n\n\n<div class=\"wp-block-columns is-layout-flex wp-container-core-columns-is-layout-28f84493 wp-block-columns-is-layout-flex\">\n<div class=\"wp-block-column is-layout-flow wp-block-column-is-layout-flow\" style=\"flex-basis:66.66%\">\n<h5 class=\"wp-block-heading\">Pirjo Puukko<\/h5>\n\n\n\n<p>Pirjo Puukko on helsinkil\u00e4inen viestinn\u00e4n opettaja ja teatterikriitikko. H\u00e4n on ty\u00f6skennellyt aiemmin Yleisradiossa radiodraaman parissa, ensin \u00e4\u00e4nitt\u00e4j\u00e4n\u00e4 ja sittemmin ohjaajana. H\u00e4nen sanoittamiaan laulutekstej\u00e4 on levytetty runsaasti.<\/p>\n\n\n\n<p>Novellikokoelma&nbsp;Mutkanlukutaito&nbsp;oli Pirjo Puukon esikoisteos, jota syksyll\u00e4 2019 seurasi romaani&nbsp;Kunnes jalkasi kantavat.<br>Lastenkirjan&nbsp;Kes\u00e4lintuni lenn\u00e4, lenn\u00e4&nbsp;on kuvittanut kirjailijan tyt\u00e4r Amelia&nbsp;Nyman.<br><br><a href=\"https:\/\/stresa.fi\/kirjat\/siru-aura-myotajaiset\/\"><\/a><a href=\"https:\/\/testi.stresa.fi\/index.php\/pirjo-puukko-mutkanlukutaito\/\" target=\"_blank\" rel=\"noreferrer noopener\">Mutkanlukutaito<\/a><br><a href=\"https:\/\/stresa.fi\/kirjat\/siru-aura-myotajaiset\/\"><\/a><a href=\"https:\/\/testi.stresa.fi\/index.php\/pirjo-puukko-kunnes-jalkasi-kantavat\/\" target=\"_blank\" rel=\"noreferrer noopener\">Kunnes jalkasi kantavat<\/a><br><a href=\"https:\/\/stresa.fi\/kirjat\/siru-aura-myotajaiset\/\"><\/a><a href=\"https:\/\/testi.stresa.fi\/index.php\/pirjo-puukko-kesalintuni-lenna-lenna\/\" target=\"_blank\" rel=\"noreferrer noopener\">Kes\u00e4lintuni lenn\u00e4, lenn\u00e4&nbsp;<\/a><\/p>\n<\/div>\n\n\n\n<div class=\"wp-block-column is-layout-flow wp-block-column-is-layout-flow\" style=\"flex-basis:33.33%\">\n<figure class=\"wp-block-image size-full\"><img loading=\"lazy\" decoding=\"async\" width=\"699\" height=\"852\" src=\"https:\/\/testi.stresa.fi\/wp-content\/uploads\/2026\/04\/signal-2017-07-25-213954_raj.jpg\" alt=\"\" class=\"wp-image-403\" srcset=\"https:\/\/testi.stresa.fi\/wp-content\/uploads\/2026\/04\/signal-2017-07-25-213954_raj.jpg 699w, https:\/\/testi.stresa.fi\/wp-content\/uploads\/2026\/04\/signal-2017-07-25-213954_raj-246x300.jpg 246w\" sizes=\"auto, (max-width: 699px) 100vw, 699px\" \/><\/figure>\n<\/div>\n<\/div>\n\n\n\n<p><\/p>\n\n\n\n<hr class=\"wp-block-separator has-text-color has-palette-color-9-color has-alpha-channel-opacity has-palette-color-9-background-color has-background\"\/>\n\n\n\n<div class=\"wp-block-columns is-layout-flex wp-container-core-columns-is-layout-28f84493 wp-block-columns-is-layout-flex\">\n<div class=\"wp-block-column is-layout-flow wp-block-column-is-layout-flow\" style=\"flex-basis:33.33%\">\n<figure class=\"wp-block-image size-medium is-resized\"><img loading=\"lazy\" decoding=\"async\" width=\"234\" height=\"300\" src=\"https:\/\/testi.stresa.fi\/wp-content\/uploads\/2026\/04\/Jaana-Sarell-rajaus_raj-234x300.jpg\" alt=\"\" class=\"wp-image-400\" style=\"aspect-ratio:0.7800233016669654;width:300px;height:auto\" srcset=\"https:\/\/testi.stresa.fi\/wp-content\/uploads\/2026\/04\/Jaana-Sarell-rajaus_raj-234x300.jpg 234w, https:\/\/testi.stresa.fi\/wp-content\/uploads\/2026\/04\/Jaana-Sarell-rajaus_raj.jpg 700w\" sizes=\"auto, (max-width: 234px) 100vw, 234px\" \/><\/figure>\n<\/div>\n\n\n\n<div class=\"wp-block-column is-layout-flow wp-block-column-is-layout-flow\" style=\"flex-basis:66.66%\">\n<h5 class=\"wp-block-heading\">Jaana Sarell<\/h5>\n\n\n\n<p>Jaana Sarell on lappilaisella mentaliteetilla varustettu kyn\u00e4ilij\u00e4 joka kyll\u00e4styi t\u00e4ytt\u00e4m\u00e4\u00e4n pelk\u00e4st\u00e4\u00e4n kovalevy\u00e4. H\u00e4n haroo tiuskeaa arkea ja paljastaa siin\u00e4 piilev\u00e4n hulvattomuuden.<br><br><a href=\"https:\/\/testi.stresa.fi\/index.php\/jaana-sarell-tolkullinen-arvopohja\/\" target=\"_blank\" rel=\"noreferrer noopener\">Tolkullinen arvopohja<\/a><\/p>\n<\/div>\n<\/div>\n\n\n\n<hr class=\"wp-block-separator has-text-color has-palette-color-9-color has-alpha-channel-opacity has-palette-color-9-background-color has-background\"\/>\n\n\n\n<div class=\"wp-block-columns is-layout-flex wp-container-core-columns-is-layout-28f84493 wp-block-columns-is-layout-flex\">\n<div class=\"wp-block-column is-layout-flow wp-block-column-is-layout-flow\" style=\"flex-basis:66.66%\">\n<h5 class=\"wp-block-heading\">Tero Sepp\u00e4nen<\/h5>\n\n\n\n<p>Tero Sepp\u00e4nen on poliisi ja juristi, joka tuntee aihealueensa. Valokuvausharrastus on tehnyt h\u00e4nest\u00e4 visualistin, joka piirt\u00e4\u00e4 sanoilla maailman n\u00e4kyv\u00e4ksi. Sepp\u00e4sen teksti on lakonista ja l\u00e4hestyy v\u00e4h\u00e4eleisyydess\u00e4\u00e4n ajoittain jopa runoutta. Aiheensa h\u00e4n l\u00f6yt\u00e4\u00e4 ajan ilmi\u00f6ist\u00e4, joiden vakavuudessa pilkahtelee huumori. Sy\u00f6ksyvirtauksia-novellikokoelman j\u00e4lkeen ilmestyi kahta vuotta my\u00f6hemmin, syksyll\u00e4 2019, esikoisromaani Suruttomat&nbsp;urut.<br><br><a href=\"https:\/\/stresa.fi\/kirjat\/siru-aura-myotajaiset\/\"><\/a><a href=\"https:\/\/testi.stresa.fi\/index.php\/tero-seppanen-syoksyvirtauksia\/\" target=\"_blank\" rel=\"noreferrer noopener\">Sy\u00f6ksyvirtauksia<\/a><br><a href=\"https:\/\/testi.stresa.fi\/index.php\/tero-seppanen-suruttomat-urut\/\" target=\"_blank\" rel=\"noreferrer noopener\">Suruttomat&nbsp;urut<\/a><\/p>\n<\/div>\n\n\n\n<div class=\"wp-block-column is-layout-flow wp-block-column-is-layout-flow\" style=\"flex-basis:33.33%\">\n<figure class=\"wp-block-image size-full is-resized\"><img loading=\"lazy\" decoding=\"async\" width=\"702\" height=\"852\" src=\"https:\/\/testi.stresa.fi\/wp-content\/uploads\/2026\/04\/Tero-Seppanen_raj.jpg\" alt=\"\" class=\"wp-image-405\" style=\"aspect-ratio:0.8239433738390409;width:292px;height:auto\" srcset=\"https:\/\/testi.stresa.fi\/wp-content\/uploads\/2026\/04\/Tero-Seppanen_raj.jpg 702w, https:\/\/testi.stresa.fi\/wp-content\/uploads\/2026\/04\/Tero-Seppanen_raj-247x300.jpg 247w\" sizes=\"auto, (max-width: 702px) 100vw, 702px\" \/><\/figure>\n<\/div>\n<\/div>\n\n\n\n<hr class=\"wp-block-separator has-text-color has-palette-color-9-color has-alpha-channel-opacity has-palette-color-9-background-color has-background\"\/>\n\n\n\n<div class=\"wp-block-columns is-layout-flex wp-container-core-columns-is-layout-28f84493 wp-block-columns-is-layout-flex\">\n<div class=\"wp-block-column is-layout-flow wp-block-column-is-layout-flow\" style=\"flex-basis:33.33%\">\n<figure class=\"wp-block-image size-full is-resized\"><img loading=\"lazy\" decoding=\"async\" width=\"700\" height=\"882\" src=\"https:\/\/testi.stresa.fi\/wp-content\/uploads\/2026\/04\/20150703-untitled030_raj.jpg\" alt=\"\" class=\"wp-image-398\" style=\"aspect-ratio:0.7936442803082113;width:305px;height:auto\" srcset=\"https:\/\/testi.stresa.fi\/wp-content\/uploads\/2026\/04\/20150703-untitled030_raj.jpg 700w, https:\/\/testi.stresa.fi\/wp-content\/uploads\/2026\/04\/20150703-untitled030_raj-238x300.jpg 238w\" sizes=\"auto, (max-width: 700px) 100vw, 700px\" \/><\/figure>\n<\/div>\n\n\n\n<div class=\"wp-block-column is-layout-flow wp-block-column-is-layout-flow\" style=\"flex-basis:66.66%\">\n<h5 class=\"wp-block-heading\">Pirjo Toivanen<\/h5>\n\n\n\n<p>Ulkosuomalainen Pirjo Toivanen on vuodesta 1995 asunut Lontoossa, Haagissa, Floridassa ja viimeiset kymmenen vuotta Italian Stresassa. Yhteydet Suomeen s\u00e4ilyiv\u00e4t vientiteht\u00e4viss\u00e4 ja muuttuivat suomenkielisen kirjoittamisen kautta entist\u00e4 tiiviimmiksi. Esikoisromaani Pyh\u00e4 paha perhe sai 2020 jatkoa romaanista Siskoni Italiassa. Yhdess\u00e4 valokuvaajamiehen Reijo Toivasen kanssa toteutettu matkakirja Proseccoa per favore! sai jatkoa latinomausteisesta matkakirjasta Salsaa ja mojitoa.<\/p>\n\n\n\n<p><a href=\"https:\/\/testi.stresa.fi\/index.php\/pirjo-toivanen-pyha-paha-perhe\/\" target=\"_blank\" rel=\"noreferrer noopener\">Pyh\u00e4 paha&nbsp;perhe<\/a><br><a href=\"https:\/\/testi.stresa.fi\/index.php\/pirjo-ja-reijo-toivanen-proseccoa-per-favore\/\" target=\"_blank\" rel=\"noreferrer noopener\">Proseccoa per favore<\/a><br><a href=\"https:\/\/testi.stresa.fi\/index.php\/pirjo-toivanen-siskoni-italiassa\/\" target=\"_blank\" rel=\"noreferrer noopener\">Siskoni Italiassa<\/a><br><a href=\"https:\/\/testi.stresa.fi\/index.php\/pirjo-ja-reijo-toivanen-salsaa-ja-mojitoa\/\" target=\"_blank\" rel=\"noreferrer noopener\">Salsaa ja mojitoa<\/a><br><a href=\"https:\/\/testi.stresa.fi\/index.php\/pirjo-toivanen-rooleja-vai-rakkautta\/\" target=\"_blank\" rel=\"noreferrer noopener\">Rooleja vai rakkautta<\/a><br><a href=\"https:\/\/testi.stresa.fi\/index.php\/pirjo-ja-reijo-toivanen-italiaa-ristiin-rastiin-goethen-kannoilla\/\" target=\"_blank\" rel=\"noreferrer noopener\">Italiaa ristiin rastiin, Goethen kannoilla<\/a><br><a href=\"https:\/\/testi.stresa.fi\/index.php\/pirjo-ja-reijo-toivanen-valoa-italiasta-suomen-kultakauden-taiteeseen\/\" target=\"_blank\" rel=\"noreferrer noopener\">Valoa Italiasta Suomen kultakauden taiteeseen<\/a><\/p>\n\n\n\n<p><\/p>\n<\/div>\n<\/div>\n\n\n\n<hr class=\"wp-block-separator has-text-color has-palette-color-9-color has-alpha-channel-opacity has-palette-color-9-background-color has-background\"\/>\n\n\n\n<div class=\"wp-block-columns is-layout-flex wp-container-core-columns-is-layout-28f84493 wp-block-columns-is-layout-flex\">\n<div class=\"wp-block-column is-layout-flow wp-block-column-is-layout-flow\" style=\"flex-basis:66.66%\">\n<h5 class=\"wp-block-heading\">Irmeli Westermarck<\/h5>\n\n\n\n<p>Irmeli Westermarck on kauppatieteiden maisteri ja kaupallisten aineiden lehtori, el\u00e4kkeell\u00e4. H\u00e4n on utelias el\u00e4m\u00e4n tarkkailija, joka katsoo maailmaa ikuisen optimistin silmin. H\u00e4nen teksteihins\u00e4 suodattuvat el\u00e4m\u00e4nkokemukset perheen\u00e4itin\u00e4, kouluttajana, koiraharrastajana, ja maailmanmatkaajana. Riskit\u00f6n kokeilu-novellikokoelmaa seurasi syksyll\u00e4 2019 Tassun j\u00e4lki\u00e4 \u2013 Sinttu-staffin muistelmat. Tuorein teos on Gustaf Inbergin tarina, tarinallinen tietokirja Suomen sodan ajalta Kauhajoella.<br><br><a href=\"https:\/\/testi.stresa.fi\/index.php\/irmeli-westermarck-riskiton-kokeilu\/\" target=\"_blank\" rel=\"noreferrer noopener\">Riskit\u00f6n kokeilu<\/a><br><a href=\"https:\/\/testi.stresa.fi\/index.php\/irmeli-westermarck-tassunjalkia\/\" target=\"_blank\" rel=\"noreferrer noopener\">Tassunj\u00e4lki\u00e4<\/a><br><a href=\"https:\/\/testi.stresa.fi\/index.php\/irmeli-westermarck-nils-inkovaara-suomenlampaan-puolustaja\/\" target=\"_blank\" rel=\"noreferrer noopener\">Nils Inkovaara \u2013 suomenlampaan puolustaja<\/a><br><a href=\"https:\/\/testi.stresa.fi\/index.php\/irmeli-westermarck-gustaf-inbergin-tarina\/\" target=\"_blank\" rel=\"noreferrer noopener\">Gustaf Ingbergin tarina<\/a><br><\/p>\n<\/div>\n\n\n\n<div class=\"wp-block-column is-layout-flow wp-block-column-is-layout-flow\" style=\"flex-basis:33.33%\">\n<figure class=\"wp-block-image size-full\"><img loading=\"lazy\" decoding=\"async\" width=\"700\" height=\"852\" src=\"https:\/\/testi.stresa.fi\/wp-content\/uploads\/2026\/04\/Irmeli-Westermarck-1_raj.jpg\" alt=\"\" class=\"wp-image-399\" srcset=\"https:\/\/testi.stresa.fi\/wp-content\/uploads\/2026\/04\/Irmeli-Westermarck-1_raj.jpg 700w, https:\/\/testi.stresa.fi\/wp-content\/uploads\/2026\/04\/Irmeli-Westermarck-1_raj-246x300.jpg 246w\" sizes=\"auto, (max-width: 700px) 100vw, 700px\" \/><\/figure>\n<\/div>\n<\/div>\n\n\n\n<figure class=\"wp-block-image aligncenter size-large is-resized\"><img loading=\"lazy\" decoding=\"async\" width=\"1022\" height=\"1024\" src=\"https:\/\/testi.stresa.fi\/wp-content\/uploads\/2026\/03\/stresariikinkukko_pun_syvatty-1022x1024.png\" alt=\"\" class=\"wp-image-263\" style=\"aspect-ratio:0.9980506508570692;width:419px;height:auto\" srcset=\"https:\/\/testi.stresa.fi\/wp-content\/uploads\/2026\/03\/stresariikinkukko_pun_syvatty-1022x1024.png 1022w, https:\/\/testi.stresa.fi\/wp-content\/uploads\/2026\/03\/stresariikinkukko_pun_syvatty-300x300.png 300w, https:\/\/testi.stresa.fi\/wp-content\/uploads\/2026\/03\/stresariikinkukko_pun_syvatty-150x150.png 150w, https:\/\/testi.stresa.fi\/wp-content\/uploads\/2026\/03\/stresariikinkukko_pun_syvatty-768x769.png 768w, https:\/\/testi.stresa.fi\/wp-content\/uploads\/2026\/03\/stresariikinkukko_pun_syvatty-1533x1536.png 1533w, https:\/\/testi.stresa.fi\/wp-content\/uploads\/2026\/03\/stresariikinkukko_pun_syvatty-2044x2048.png 2044w\" sizes=\"auto, (max-width: 1022px) 100vw, 1022px\" \/><\/figure>\n","protected":false},"excerpt":{"rendered":"<p>Pekka Arppe Syntyper\u00e4inen Kallion kasvatti ja insin\u00f6\u00f6ri. Kun silta- ja satamaprojektit ovat j\u00e4\u00e4neet taka-alalle, h\u00e4nell\u00e4 on vihdoinkin aikaa mieliharrastukselleen, kirjoittamiselle. Timanttinapsut-romaani ilmestyi syskyll\u00e4 2018, vuonna 2019 novellikokoelma Hajonnan sis\u00e4ll\u00e4 ja vuonna 2022 ilmestyi romaani Hiekkaa silmille. TimanttinapsutHajonnan sis\u00e4ll\u00e4Hiekkaa silmille Siru Aura Siru Aura asui l\u00e4hes kaksi vuotta Intiassa ja teki ensin vapaaehtoist\u00f6it\u00e4 ja sitten antropologista [&hellip;]<\/p>\n","protected":false},"author":1,"featured_media":0,"parent":0,"menu_order":0,"comment_status":"closed","ping_status":"closed","template":"","meta":{"footnotes":""},"class_list":["post-104","page","type-page","status-publish","hentry"],"blocksy_meta":[],"_links":{"self":[{"href":"https:\/\/testi.stresa.fi\/index.php\/wp-json\/wp\/v2\/pages\/104","targetHints":{"allow":["GET"]}}],"collection":[{"href":"https:\/\/testi.stresa.fi\/index.php\/wp-json\/wp\/v2\/pages"}],"about":[{"href":"https:\/\/testi.stresa.fi\/index.php\/wp-json\/wp\/v2\/types\/page"}],"author":[{"embeddable":true,"href":"https:\/\/testi.stresa.fi\/index.php\/wp-json\/wp\/v2\/users\/1"}],"replies":[{"embeddable":true,"href":"https:\/\/testi.stresa.fi\/index.php\/wp-json\/wp\/v2\/comments?post=104"}],"version-history":[{"count":27,"href":"https:\/\/testi.stresa.fi\/index.php\/wp-json\/wp\/v2\/pages\/104\/revisions"}],"predecessor-version":[{"id":648,"href":"https:\/\/testi.stresa.fi\/index.php\/wp-json\/wp\/v2\/pages\/104\/revisions\/648"}],"wp:attachment":[{"href":"https:\/\/testi.stresa.fi\/index.php\/wp-json\/wp\/v2\/media?parent=104"}],"curies":[{"name":"wp","href":"https:\/\/api.w.org\/{rel}","templated":true}]}}