{"id":107,"date":"2026-03-09T15:57:07","date_gmt":"2026-03-09T15:57:07","guid":{"rendered":"https:\/\/testi.stresa.fi\/?page_id=107"},"modified":"2026-04-16T15:18:11","modified_gmt":"2026-04-16T15:18:11","slug":"ajankohtaista","status":"publish","type":"page","link":"https:\/\/testi.stresa.fi\/index.php\/ajankohtaista\/","title":{"rendered":"AJANKOHTAISTA"},"content":{"rendered":"\n<figure class=\"wp-block-image aligncenter size-large is-resized\"><img loading=\"lazy\" decoding=\"async\" width=\"1024\" height=\"539\" src=\"https:\/\/testi.stresa.fi\/wp-content\/uploads\/2026\/04\/20250905_163818_matala-1024x539.jpg\" alt=\"\" class=\"wp-image-411\" style=\"aspect-ratio:1.8998340554992164;width:956px;height:auto\" srcset=\"https:\/\/testi.stresa.fi\/wp-content\/uploads\/2026\/04\/20250905_163818_matala-1024x539.jpg 1024w, https:\/\/testi.stresa.fi\/wp-content\/uploads\/2026\/04\/20250905_163818_matala-300x158.jpg 300w, https:\/\/testi.stresa.fi\/wp-content\/uploads\/2026\/04\/20250905_163818_matala-768x404.jpg 768w, https:\/\/testi.stresa.fi\/wp-content\/uploads\/2026\/04\/20250905_163818_matala-1536x808.jpg 1536w, https:\/\/testi.stresa.fi\/wp-content\/uploads\/2026\/04\/20250905_163818_matala-2048x1077.jpg 2048w\" sizes=\"auto, (max-width: 1024px) 100vw, 1024px\" \/><\/figure>\n\n\n\n<div class=\"wp-block-cover is-light wp-duotone-333-rgba245221201019-1\"><img loading=\"lazy\" decoding=\"async\" width=\"1022\" height=\"1024\" class=\"wp-block-cover__image-background wp-image-274\" alt=\"\" src=\"https:\/\/testi.stresa.fi\/wp-content\/uploads\/2026\/03\/stresariikinkukko_beige_syvatty-1022x1024.png\" data-object-fit=\"cover\" srcset=\"https:\/\/testi.stresa.fi\/wp-content\/uploads\/2026\/03\/stresariikinkukko_beige_syvatty-1022x1024.png 1022w, https:\/\/testi.stresa.fi\/wp-content\/uploads\/2026\/03\/stresariikinkukko_beige_syvatty-300x300.png 300w, https:\/\/testi.stresa.fi\/wp-content\/uploads\/2026\/03\/stresariikinkukko_beige_syvatty-150x150.png 150w, https:\/\/testi.stresa.fi\/wp-content\/uploads\/2026\/03\/stresariikinkukko_beige_syvatty-768x769.png 768w, https:\/\/testi.stresa.fi\/wp-content\/uploads\/2026\/03\/stresariikinkukko_beige_syvatty-1533x1536.png 1533w\" sizes=\"auto, (max-width: 1022px) 100vw, 1022px\" \/><span aria-hidden=\"true\" class=\"wp-block-cover__background has-background-dim-0 has-background-dim\"><\/span><div class=\"wp-block-cover__inner-container is-layout-flow wp-block-cover-is-layout-flow\">\n<p class=\"has-palette-color-9-color has-text-color has-link-color wp-elements-c1834ef8aced8343b9d7ce8031c028a2\" style=\"font-size:clamp(14px, 0.875rem + ((1vw - 3.2px) * 0.469), 20px);font-style:normal;font-weight:700\">KEV\u00c4\u00c4N 2026 UUTUUDET: <\/p>\n\n\n\n<p class=\"has-palette-color-10-color has-text-color has-link-color wp-elements-e158287153003040e32aeeeba789b3fb\" style=\"font-size:clamp(14px, 0.875rem + ((1vw - 3.2px) * 0.313), 18px);font-style:normal;font-weight:700\">VALOA ITALIASTA<br>TAMPERE FILHARMONIAN HISTORIIKKI<\/p>\n\n\n\n<p><\/p>\n\n\n\n<div class=\"wp-block-columns is-layout-flex wp-container-core-columns-is-layout-28f84493 wp-block-columns-is-layout-flex\">\n<div class=\"wp-block-column is-layout-flow wp-block-column-is-layout-flow\" style=\"flex-basis:50%\">\n<p class=\"has-palette-color-9-color has-text-color has-link-color wp-elements-c1a78bbf3e5fd995604c76426c9fc515\" style=\"font-style:normal;font-weight:500\"><a href=\"https:\/\/testi.stresa.fi\/index.php\/pirjo-ja-reijo-toivanen-valoa-italiasta-suomen-kultakauden-taiteeseen\/\" target=\"_blank\" rel=\"noreferrer noopener\">VALOA ITALIASTA SUOMEN KULTAKAUDEN TAITEESEEN <\/a><\/p>\n\n\n\n<p class=\"has-palette-color-4-color has-text-color has-link-color wp-elements-90040d03b66d71df12a9eba047b93ea2\" style=\"font-size:clamp(14px, 0.875rem + ((1vw - 3.2px) * 0.156), 16px);font-style:normal;font-weight:500;line-height:1.4\">Kev\u00e4\u00e4n uutuuskirja on Pirjo ja Reijo Toivasen\u00a0<strong>Valoa Italiasta<\/strong>. Se kertoo suomalaistaiteilijoista, jotka asettuivat Italiaan viikoiksi, kuukausiksi, jopa vuosiksi. Vuosina 1898-1905 tulevat kultakauden taiteilijat olivat viel\u00e4 maailmalla tuntemattomia, taiteellisella polullaan enemm\u00e4n tai v\u00e4hemm\u00e4n etsij\u00f6it\u00e4. Suomen suuriruhtinaskunta oli osa Ven\u00e4j\u00e4\u00e4.<br>Vaikutteiden lis\u00e4ksi taiteilijat etsiv\u00e4t rauhaa, lepoa ja irtiottoa sortokauden tai henkil\u00f6kohtaisen el\u00e4m\u00e4ntilanteensa tunnelmista. Heid\u00e4n keskin\u00e4inen yst\u00e4vyytens\u00e4 korostui, kun he yhdess\u00e4 tutkivat freskoja, tekiv\u00e4t retki\u00e4 ja pohtivat Suomen tilannetta.\u00a0<br>Vaikka taiteilijoista muuten tiedet\u00e4\u00e4n paljon, heid\u00e4n yhteisist\u00e4 el\u00e4m\u00e4njaksoistaan Italiassa ja italialaisen taiteen vaikutuksista ei juurikaan ole kirjoitettu.<br><strong>Valoa Italiasta<\/strong>\u00a0on yhdistelm\u00e4 valokuvia ja tarinoita. Valo tuo iloa ja uhka vaihtuu v\u00e4hin erin toivoksi.\u00a0<\/p>\n\n\n\n<p class=\"has-palette-color-9-color has-text-color has-link-color wp-elements-da80a0eabbce3cad92fb47c51bb68638\" style=\"font-size:clamp(14px, 0.875rem + ((1vw - 3.2px) * 0.156), 16px);font-style:normal;font-weight:500;line-height:1.4\"><br><a href=\"https:\/\/stresa.fi\/2025\/08\/28\/tampere-filharmonian-historiikki\/\">TAMPERE&nbsp;FILHARMONIAN&nbsp;HISTORIIKKI<\/a><\/p>\n\n\n\n<p style=\"font-size:clamp(14px, 0.875rem + ((1vw - 3.2px) * 0.156), 16px);font-style:normal;font-weight:500;line-height:1.4\"><br>Maritta Hirvosen&nbsp;<strong>Ajan kuohuista yhteinen s\u00e4vel \u2013 Tampere Filharmonia 1930-2025<\/strong>&nbsp;ilmestyi marraskuussa 2025. Kirja on tarina tehdaskaupungista, jolla oli unelma sinfoniaorkesterista. Unelma toteutui, mutta tehdaskaupunkia ei en\u00e4\u00e4&nbsp;ole.<br>Kirja kertoo muutoksesta, siit\u00e4 miten orkesteri vastaa ajan uhkiin ja haasteisiin, samalla kun sen perusteht\u00e4v\u00e4 ja toimintatavat s\u00e4ilyv\u00e4t entisell\u00e4\u00e4n. Sinfoniaorkesteri taidelaitoksena on parin vuosisadan aikana hioutunut timantti, jonka hienous on kyvyss\u00e4 luoda uutta, samalla kun se vaalii ja siirt\u00e4\u00e4 perinnett\u00e4.&nbsp;<br>Kirja kertoo my\u00f6s orkesterin arjesta, ty\u00f6st\u00e4 mik\u00e4 ei n\u00e4y yleis\u00f6lle, niin lavalla kuin lavan takanakin.<br><br>Joulukuussa 2025 Italiaa ristiin rastiin Goethen kannoilla -teoksesta ilmestyi toinen painos.<\/p>\n\n\n\n<p class=\"has-palette-color-9-color has-text-color has-link-color wp-elements-2a860d016e1c935be77a1f82338e5d4e\" style=\"font-size:clamp(14px, 0.875rem + ((1vw - 3.2px) * 0.391), 19px);font-style:normal;font-weight:700;line-height:1.4;text-transform:uppercase\">Kev\u00e4t 2024 <\/p>\n\n\n\n<p class=\"has-palette-color-9-color has-text-color has-link-color wp-elements-4e000516bf275827e2626b8abe37971a\" style=\"font-size:clamp(14px, 0.875rem + ((1vw - 3.2px) * 0.156), 16px);font-style:normal;font-weight:600;line-height:1.4;text-transform:uppercase\"><a href=\"https:\/\/testi.stresa.fi\/index.php\/maritta-hirvonen-allegro-barbaro\/\" target=\"_blank\" rel=\"noreferrer noopener\">kirja Unkarista<\/a><\/p>\n\n\n\n<p class=\"has-palette-color-4-color has-text-color has-link-color wp-elements-6e7efa6c6575e83b3b63579dc66a1882\" style=\"font-size:clamp(14px, 0.875rem + ((1vw - 3.2px) * 0.156), 16px);font-style:normal;font-weight:500;line-height:1.4\">Maritta Hirvosen kev\u00e4\u00e4ll\u00e4 2024 ilmestynyt romaani&nbsp;<strong>Allegro barbaro<\/strong>&nbsp;on tarina valokuvauksesta, sirkuksesta ja rakkaudesta kansanmusiikin, Puccinin ja Bart\u00f3kin s\u00e4estyksell\u00e4.&nbsp;<br>Tapahtumien taustalla kuohuu Orb\u00e1nin Unkari, jossa aloitteleva valokuvaaja P\u00e9ter Szigeti kulkee Saksaan 1956 loikanneen isois\u00e4ns\u00e4 jalanj\u00e4ljiss\u00e4<\/p>\n\n\n\n<p class=\"has-palette-color-4-color has-text-color has-link-color wp-elements-120193f0af8024e383ab37bf1121b907\" style=\"font-size:clamp(14px, 0.875rem + ((1vw - 3.2px) * 0.156), 16px);line-height:1.4\"><br><\/p>\n<\/div>\n\n\n\n<div class=\"wp-block-column is-layout-flow wp-block-column-is-layout-flow\" style=\"flex-basis:50%\">\n<p>Syksyll\u00e4 2024 Proseccoa per favore! -kirjasta otettiin kolmas painos.&nbsp;<\/p>\n\n\n\n<p class=\"has-palette-color-9-color has-text-color has-link-color wp-elements-93ed4a00eb309d9aed2d37d795c50d43\" style=\"font-size:clamp(14px, 0.875rem + ((1vw - 3.2px) * 0.391), 19px);font-style:normal;font-weight:700;line-height:1.2\">SYKSYN&nbsp;2023&nbsp;KIRJAT<\/p>\n\n\n\n<p class=\"has-palette-color-9-color has-text-color has-link-color wp-elements-5fb69f4b43bdf701423c48468884d44b\" style=\"font-size:clamp(14px, 0.875rem + ((1vw - 3.2px) * 0.156), 16px);font-style:normal;font-weight:600;line-height:0.7\"><br><a href=\"https:\/\/testi.stresa.fi\/index.php\/pirjo-ja-reijo-toivanen-italiaa-ristiin-rastiin-goethen-kannoilla\/\" target=\"_blank\" rel=\"noreferrer noopener\">ITALIAA&nbsp;RISTIIN&nbsp;RASTIIN,&nbsp;GOETHEN&nbsp;KANNOILLA<\/a><\/p>\n\n\n\n<p class=\"has-palette-color-4-color has-text-color has-link-color wp-elements-6d54b71bb8f88fd3d834b47d5ad4281e\" style=\"font-size:clamp(14px, 0.875rem + ((1vw - 3.2px) * 0.156), 16px);font-style:normal;font-weight:600;line-height:1.4\"><br>Pirjo ja Reijo Toivasen matkakirja, kuvateos&nbsp;<strong>Italiaa ristiin rastiin, Goethen kannoilla<\/strong>, ilmestyi syksyll\u00e4&nbsp;2023.<br><br>Kirjassa pariskunta seuraa Goethen l\u00e4hes 240 vuotta sitten tekem\u00e4\u00e4 matkaa Italian halki. Goethea kiinnostaneet n\u00e4ht\u00e4vyydet ovat nyt helpommin l\u00f6ydett\u00e4viss\u00e4 kuin silloisen asutuksen alta tai villiintyneen kasvuston keskelt\u00e4. Sisiliassa kev\u00e4iset niityt ovat kukkaloistossa yht\u00e4 v\u00e4rikyll\u00e4isi\u00e4 kuin Goethen aikana Roomassa, Napolissa ja monessa muussa kaupungissa katun\u00e4kym\u00e4t ovat pysyneet pitk\u00e4lti samoina. Jopa paikallinen el\u00e4m\u00e4ntapa on s\u00e4ilynyt, sill\u00e4 k\u00e4det k\u00e4yv\u00e4t, kauppaa tehd\u00e4\u00e4n, mennyt ja tuleva tukevat toisiaan.<\/p>\n\n\n\n<p class=\"has-palette-color-9-color has-text-color has-link-color wp-elements-9e0036e29a93e4ed33d9b99d1998ba2b\" style=\"font-size:clamp(14px, 0.875rem + ((1vw - 3.2px) * 0.156), 16px);font-style:normal;font-weight:600;line-height:1.4\"><br><a href=\"https:\/\/testi.stresa.fi\/index.php\/irmeli-westermarck-gustaf-inbergin-tarina\/\" target=\"_blank\" rel=\"noreferrer noopener\">GUSTAF&nbsp;INBERGIN&nbsp;TARINA<\/a><\/p>\n\n\n\n<p class=\"has-palette-color-4-color has-text-color has-link-color wp-elements-05749f552416c6ebd3a9a6d159332cb8\" style=\"font-size:clamp(14px, 0.875rem + ((1vw - 3.2px) * 0.156), 16px);font-style:normal;font-weight:600;line-height:1.4\">Irmeli Westermarckin&nbsp;<strong>Gustaf Inbergin tarina on<\/strong>&nbsp;toinen syksyn 2023 kirjoista.<br>Suomen sodan 1808-1809 aikana kasakat levittiv\u00e4t kauhua Etel\u00e4-Pohjanmaan kunnissa. Ven\u00e4l\u00e4iset uskoivat kauhajokisen Gustaf Inbergin olleen yksi kapinaan yllytt\u00e4jist\u00e4, ja suuntasivat kostotoimensa my\u00f6s t\u00e4m\u00e4n hallinnoimaan Ala-Knuuttilan tilaan. Kirja kuvaa Gustafin uhrautumista ja sankaruutta sodan aikana, samalla h\u00e4nen lyhyeksi j\u00e4\u00e4nytt\u00e4 perheonneaan Helenan ja pienen Johannes-pojan kanssa.<\/p>\n<\/div>\n<\/div>\n<\/div><\/div>\n\n\n\n<p class=\"wp-container-content-69bc4bdf\" style=\"border-style:none;border-width:0px;padding-top:0;padding-bottom:0\"><br><\/p>\n\n\n\n<p class=\"wp-container-content-69bc4bdf\" style=\"border-style:none;border-width:0px;padding-top:0;padding-bottom:0\"><\/p>\n\n\n\n<div class=\"wp-block-group alignfull is-layout-flow wp-container-core-group-is-layout-f9cb6abc wp-block-group-is-layout-flow\" style=\"margin-top:0;margin-bottom:0\">\n<div class=\"wp-block-columns alignfull is-not-stacked-on-mobile is-style-default is-layout-flex wp-container-core-columns-is-layout-d04102fb wp-block-columns-is-layout-flex\" style=\"margin-top:0;margin-bottom:0;padding-top:0;padding-right:var(--wp--preset--spacing--80);padding-bottom:0;padding-left:var(--wp--preset--spacing--80)\">\n<div class=\"wp-block-column is-layout-flow wp-block-column-is-layout-flow\">\n<p class=\"wp-container-content-69bc4bdf\" style=\"border-style:none;border-width:0px;padding-top:0;padding-bottom:0\"><br><\/p>\n<\/div>\n\n\n\n<div class=\"wp-block-column is-layout-flow wp-block-column-is-layout-flow\"><\/div>\n<\/div>\n\n\n\n<div class=\"wp-block-columns alignfull is-style-section-2 is-layout-flex wp-container-core-columns-is-layout-d9884270 wp-block-columns-is-layout-flex\" style=\"padding-top:0;padding-bottom:0\">\n<div class=\"wp-block-column is-layout-flow wp-block-column-is-layout-flow\" style=\"flex-basis:50%\"><\/div>\n<\/div>\n<\/div>\n","protected":false},"excerpt":{"rendered":"","protected":false},"author":1,"featured_media":0,"parent":0,"menu_order":0,"comment_status":"closed","ping_status":"closed","template":"","meta":{"footnotes":""},"class_list":["post-107","page","type-page","status-publish","hentry"],"blocksy_meta":[],"_links":{"self":[{"href":"https:\/\/testi.stresa.fi\/index.php\/wp-json\/wp\/v2\/pages\/107","targetHints":{"allow":["GET"]}}],"collection":[{"href":"https:\/\/testi.stresa.fi\/index.php\/wp-json\/wp\/v2\/pages"}],"about":[{"href":"https:\/\/testi.stresa.fi\/index.php\/wp-json\/wp\/v2\/types\/page"}],"author":[{"embeddable":true,"href":"https:\/\/testi.stresa.fi\/index.php\/wp-json\/wp\/v2\/users\/1"}],"replies":[{"embeddable":true,"href":"https:\/\/testi.stresa.fi\/index.php\/wp-json\/wp\/v2\/comments?post=107"}],"version-history":[{"count":19,"href":"https:\/\/testi.stresa.fi\/index.php\/wp-json\/wp\/v2\/pages\/107\/revisions"}],"predecessor-version":[{"id":674,"href":"https:\/\/testi.stresa.fi\/index.php\/wp-json\/wp\/v2\/pages\/107\/revisions\/674"}],"wp:attachment":[{"href":"https:\/\/testi.stresa.fi\/index.php\/wp-json\/wp\/v2\/media?parent=107"}],"curies":[{"name":"wp","href":"https:\/\/api.w.org\/{rel}","templated":true}]}}