{"id":354,"date":"2026-04-10T14:53:31","date_gmt":"2026-04-10T14:53:31","guid":{"rendered":"https:\/\/testi.stresa.fi\/?page_id=354"},"modified":"2026-04-10T15:04:26","modified_gmt":"2026-04-10T15:04:26","slug":"irmeli-westermarck-riskiton-kokeilu","status":"publish","type":"page","link":"https:\/\/testi.stresa.fi\/index.php\/irmeli-westermarck-riskiton-kokeilu\/","title":{"rendered":"Irmeli Westermarck, Riskit\u00f6n kokeilu"},"content":{"rendered":"\n<figure class=\"wp-block-image size-full is-resized\"><img loading=\"lazy\" decoding=\"async\" width=\"215\" height=\"313\" src=\"https:\/\/testi.stresa.fi\/wp-content\/uploads\/2026\/03\/riskiton_kokeilu_kansi.png\" alt=\"\" class=\"wp-image-31\" style=\"aspect-ratio:0.686935250361939;width:245px;height:auto\" srcset=\"https:\/\/testi.stresa.fi\/wp-content\/uploads\/2026\/03\/riskiton_kokeilu_kansi.png 215w, https:\/\/testi.stresa.fi\/wp-content\/uploads\/2026\/03\/riskiton_kokeilu_kansi-206x300.png 206w\" sizes=\"auto, (max-width: 215px) 100vw, 215px\" \/><\/figure>\n\n\n\n<p><em>Kun Dunja oli tyt\u00f6n kanssa taas ostosreissulla, Pentti avasi s\u00e4hk\u00f6postin uudelleen ja viestin \u201dRiskit\u00f6n kokeilu\u201d. H\u00e4n klikkasi Tilaa-n\u00e4pp\u00e4int\u00e4, t\u00e4ytti tietonsa ja laittoi toimitusosoitteeksi l\u00e4hikaupungin postilokeron. Jos aine ei tehoaisi, ei h\u00e4n kuitenkaan menett\u00e4isi paljoakaan, postikulut nyt eiv\u00e4t maltaita maksaisi. Sit\u00e4 paitsi mainos lupasi, ett\u00e4 kokeilussa ei olisi riski\u00e4.<\/em><\/p>\n\n\n\n<p>Jotkut kokeilut sis\u00e4lt\u00e4v\u00e4t riskej\u00e4, jotkut taas eiv\u00e4t. Mutta mist\u00e4 tied\u00e4mme, kummasta mahtaa olla kyse? Ihmisten v\u00e4liset suhteet ovat omalla tavallaan kokeiluja kaikki, eiv\u00e4t aina riskitt\u00f6mi\u00e4.<br><strong>Riskit\u00f6n kokeilu<\/strong>\u00a0kertoo ihmisist\u00e4, joiden el\u00e4m\u00e4ss\u00e4 pienet asiat voivat olla suuria. Novellit kuljettavat lukijaa pohjoisen j\u00e4ng\u00e4lt\u00e4 Vietnamiin ja Afrikan safarille. Ne kuvaavat ihmisen toiminnan nyrj\u00e4hdyksi\u00e4 lempe\u00e4sti ja joskus hiljaisen satiirisesti.<\/p>\n\n\n\n<figure class=\"wp-block-table is-style-stripes\" style=\"font-size:14px\"><table style=\"border-style:none;border-width:0px\"><tbody><tr><td><strong>Nimi<\/strong><\/td><td>Riskit\u00f6n kokeilunovellikokoelma<\/td><\/tr><tr><td><strong>Kirjailija<\/strong><\/td><td>Westermarck, Irmeli<\/td><\/tr><tr><td><strong>ISBN<\/strong><\/td><td>978-952-68771-6-7<\/td><\/tr><tr><td><strong>Tuotantovuosi<\/strong><\/td><td>2017<\/td><\/tr><tr><td><strong>Sivum\u00e4\u00e4r\u00e4<\/strong><\/td><td>110<\/td><\/tr><tr><td><strong>Hinta<\/strong><\/td><td>19,80 \u20ac<\/td><\/tr><tr><td><strong>Sidosasu<\/strong><\/td><td>nidottu<\/td><\/tr><\/tbody><\/table><\/figure>\n\n\n\n<div class=\"wp-block-buttons is-layout-flex wp-block-buttons-is-layout-flex\">\n<div class=\"wp-block-button is-style-outline is-style-outline--1\"><a class=\"wp-block-button__link has-palette-color-9-color has-text-color has-link-color wp-element-button\">Osta t\u00e4st\u00e4<\/a><\/div>\n<\/div>\n\n\n\n<p><\/p>\n","protected":false},"excerpt":{"rendered":"<p>Kun Dunja oli tyt\u00f6n kanssa taas ostosreissulla, Pentti avasi s\u00e4hk\u00f6postin uudelleen ja viestin \u201dRiskit\u00f6n kokeilu\u201d. H\u00e4n klikkasi Tilaa-n\u00e4pp\u00e4int\u00e4, t\u00e4ytti tietonsa ja laittoi toimitusosoitteeksi l\u00e4hikaupungin postilokeron. Jos aine ei tehoaisi, ei h\u00e4n kuitenkaan menett\u00e4isi paljoakaan, postikulut nyt eiv\u00e4t maltaita maksaisi. Sit\u00e4 paitsi mainos lupasi, ett\u00e4 kokeilussa ei olisi riski\u00e4. Jotkut kokeilut sis\u00e4lt\u00e4v\u00e4t riskej\u00e4, jotkut taas eiv\u00e4t. [&hellip;]<\/p>\n","protected":false},"author":1,"featured_media":0,"parent":0,"menu_order":0,"comment_status":"closed","ping_status":"closed","template":"","meta":{"footnotes":""},"class_list":["post-354","page","type-page","status-publish","hentry"],"blocksy_meta":[],"_links":{"self":[{"href":"https:\/\/testi.stresa.fi\/index.php\/wp-json\/wp\/v2\/pages\/354","targetHints":{"allow":["GET"]}}],"collection":[{"href":"https:\/\/testi.stresa.fi\/index.php\/wp-json\/wp\/v2\/pages"}],"about":[{"href":"https:\/\/testi.stresa.fi\/index.php\/wp-json\/wp\/v2\/types\/page"}],"author":[{"embeddable":true,"href":"https:\/\/testi.stresa.fi\/index.php\/wp-json\/wp\/v2\/users\/1"}],"replies":[{"embeddable":true,"href":"https:\/\/testi.stresa.fi\/index.php\/wp-json\/wp\/v2\/comments?post=354"}],"version-history":[{"count":9,"href":"https:\/\/testi.stresa.fi\/index.php\/wp-json\/wp\/v2\/pages\/354\/revisions"}],"predecessor-version":[{"id":368,"href":"https:\/\/testi.stresa.fi\/index.php\/wp-json\/wp\/v2\/pages\/354\/revisions\/368"}],"wp:attachment":[{"href":"https:\/\/testi.stresa.fi\/index.php\/wp-json\/wp\/v2\/media?parent=354"}],"curies":[{"name":"wp","href":"https:\/\/api.w.org\/{rel}","templated":true}]}}