{"id":428,"date":"2026-04-11T15:37:49","date_gmt":"2026-04-11T15:37:49","guid":{"rendered":"https:\/\/testi.stresa.fi\/?page_id=428"},"modified":"2026-04-11T15:37:49","modified_gmt":"2026-04-11T15:37:49","slug":"maritta-hirvonen-allegro-barbaro","status":"publish","type":"page","link":"https:\/\/testi.stresa.fi\/index.php\/maritta-hirvonen-allegro-barbaro\/","title":{"rendered":"Maritta Hirvonen, Allegro barbaro"},"content":{"rendered":"\n<figure class=\"wp-block-image size-full is-resized\"><img loading=\"lazy\" decoding=\"async\" width=\"591\" height=\"897\" src=\"https:\/\/testi.stresa.fi\/wp-content\/uploads\/2026\/03\/9789527369159.jpeg\" alt=\"\" class=\"wp-image-17\" style=\"aspect-ratio:0.658828125;width:264px;height:auto\" srcset=\"https:\/\/testi.stresa.fi\/wp-content\/uploads\/2026\/03\/9789527369159.jpeg 591w, https:\/\/testi.stresa.fi\/wp-content\/uploads\/2026\/03\/9789527369159-198x300.jpeg 198w\" sizes=\"auto, (max-width: 591px) 100vw, 591px\" \/><\/figure>\n\n\n\n<p>ALLEGRO&nbsp;BARBARO&nbsp;on tarina valokuvauksesta, sirkuksesta ja rakkaudesta kansanmusiikin, Puccinin ja Bart\u00f3kin s\u00e4estyksell\u00e4.&nbsp;Tapahtumien taustalla kuohuu Orb\u00e1nin Unkari, jossa aloitteleva valokuvaaja P\u00e9ter Szigeti kulkee isois\u00e4ns\u00e4 jalanj\u00e4ljiss\u00e4. Mit\u00e4 perheess\u00e4 tapahtui, kun isois\u00e4 loikkasi Saksaan 1956? Mit\u00e4 Unkarissa tapahtuu nyt? Miksi isot\u00e4ti M\u00e1rta kielt\u00e4ytyy puhumasta vanhoista ajoista?<\/p>\n\n\n\n<p><em>P\u00e9terin sis\u00e4ll\u00e4 l\u00e4ik\u00e4hti. T\u00e4m\u00e4n ihmisen h\u00e4n tunsi, ja t\u00e4m\u00e4 tunsi h\u00e4net. H\u00e4n katsoi vierell\u00e4\u00e4n valkoisessa toppatakissa luistelevaa naista, jonka tummista silmist\u00e4 Kaupunginpuiston lamput ja sinisen\u00e4 s\u00e4dehtiv\u00e4 maailmanpy\u00f6r\u00e4 heijastuivat. Jokin vahva biitti, hiphop tai reggaeton, soi kaiuttimista, ja v\u00e4rik\u00e4s, kaikenik\u00e4isten luistelijoiden joukko py\u00f6ri kentt\u00e4\u00e4 ymp\u00e4ri, kukin omassa tahdissaan.&nbsp;<\/em><\/p>\n\n\n\n<p><em>&nbsp;&nbsp;&nbsp;&nbsp;&nbsp;P\u00e9terin ja Natalian potkut asettuivat yhteiseen rytmiin.&nbsp;<\/em><\/p>\n\n\n\n<figure class=\"wp-block-table is-style-stripes\"><table><tbody><tr><th class=\"has-text-align-left\" data-align=\"left\">Nimi<\/th><td class=\"has-text-align-left\" data-align=\"left\">Allegro barbaro romaani<\/td><\/tr><tr><th class=\"has-text-align-left\" data-align=\"left\">Kirjailija<\/th><td class=\"has-text-align-left\" data-align=\"left\">Maritta Hirvonen<\/td><\/tr><tr><th class=\"has-text-align-left\" data-align=\"left\">ISBN<\/th><td class=\"has-text-align-left\" data-align=\"left\">978-952-7369-15-9<\/td><\/tr><tr><th class=\"has-text-align-left\" data-align=\"left\">Tuotantovuosi<\/th><td class=\"has-text-align-left\" data-align=\"left\">2024<\/td><\/tr><tr><th class=\"has-text-align-left\" data-align=\"left\">Sivum\u00e4\u00e4r\u00e4<\/th><td class=\"has-text-align-left\" data-align=\"left\">238<\/td><\/tr><tr><th class=\"has-text-align-left\" data-align=\"left\">Hinta<\/th><td class=\"has-text-align-left\" data-align=\"left\">25,50<\/td><\/tr><tr><th class=\"has-text-align-left\" data-align=\"left\">Sidosasu<\/th><td class=\"has-text-align-left\" data-align=\"left\">Nidottu<\/td><\/tr><\/tbody><\/table><\/figure>\n\n\n\n<div class=\"wp-block-buttons is-layout-flex wp-block-buttons-is-layout-flex\">\n<div class=\"wp-block-button is-style-outline is-style-outline--1\"><a class=\"wp-block-button__link has-palette-color-9-color has-text-color has-link-color wp-element-button\">Osta t\u00e4st\u00e4<\/a><\/div>\n<\/div>\n","protected":false},"excerpt":{"rendered":"<p>ALLEGRO&nbsp;BARBARO&nbsp;on tarina valokuvauksesta, sirkuksesta ja rakkaudesta kansanmusiikin, Puccinin ja Bart\u00f3kin s\u00e4estyksell\u00e4.&nbsp;Tapahtumien taustalla kuohuu Orb\u00e1nin Unkari, jossa aloitteleva valokuvaaja P\u00e9ter Szigeti kulkee isois\u00e4ns\u00e4 jalanj\u00e4ljiss\u00e4. Mit\u00e4 perheess\u00e4 tapahtui, kun isois\u00e4 loikkasi Saksaan 1956? Mit\u00e4 Unkarissa tapahtuu nyt? Miksi isot\u00e4ti M\u00e1rta kielt\u00e4ytyy puhumasta vanhoista ajoista? P\u00e9terin sis\u00e4ll\u00e4 l\u00e4ik\u00e4hti. T\u00e4m\u00e4n ihmisen h\u00e4n tunsi, ja t\u00e4m\u00e4 tunsi h\u00e4net. H\u00e4n katsoi [&hellip;]<\/p>\n","protected":false},"author":1,"featured_media":0,"parent":0,"menu_order":0,"comment_status":"closed","ping_status":"closed","template":"","meta":{"footnotes":""},"class_list":["post-428","page","type-page","status-publish","hentry"],"blocksy_meta":[],"_links":{"self":[{"href":"https:\/\/testi.stresa.fi\/index.php\/wp-json\/wp\/v2\/pages\/428","targetHints":{"allow":["GET"]}}],"collection":[{"href":"https:\/\/testi.stresa.fi\/index.php\/wp-json\/wp\/v2\/pages"}],"about":[{"href":"https:\/\/testi.stresa.fi\/index.php\/wp-json\/wp\/v2\/types\/page"}],"author":[{"embeddable":true,"href":"https:\/\/testi.stresa.fi\/index.php\/wp-json\/wp\/v2\/users\/1"}],"replies":[{"embeddable":true,"href":"https:\/\/testi.stresa.fi\/index.php\/wp-json\/wp\/v2\/comments?post=428"}],"version-history":[{"count":1,"href":"https:\/\/testi.stresa.fi\/index.php\/wp-json\/wp\/v2\/pages\/428\/revisions"}],"predecessor-version":[{"id":430,"href":"https:\/\/testi.stresa.fi\/index.php\/wp-json\/wp\/v2\/pages\/428\/revisions\/430"}],"wp:attachment":[{"href":"https:\/\/testi.stresa.fi\/index.php\/wp-json\/wp\/v2\/media?parent=428"}],"curies":[{"name":"wp","href":"https:\/\/api.w.org\/{rel}","templated":true}]}}