{"id":445,"date":"2026-04-11T19:16:33","date_gmt":"2026-04-11T19:16:33","guid":{"rendered":"https:\/\/testi.stresa.fi\/?page_id=445"},"modified":"2026-04-11T19:47:10","modified_gmt":"2026-04-11T19:47:10","slug":"maritta-hirvonen-komediantit","status":"publish","type":"page","link":"https:\/\/testi.stresa.fi\/index.php\/maritta-hirvonen-komediantit\/","title":{"rendered":"Maritta Hirvonen, Komediantit"},"content":{"rendered":"\n<figure class=\"wp-block-image size-large is-resized\"><img loading=\"lazy\" decoding=\"async\" width=\"710\" height=\"1024\" src=\"https:\/\/testi.stresa.fi\/wp-content\/uploads\/2026\/03\/komediantit-etukansi-nettilaatu-1-710x1024.jpg\" alt=\"\" class=\"wp-image-122\" style=\"width:auto;height:400px\" srcset=\"https:\/\/testi.stresa.fi\/wp-content\/uploads\/2026\/03\/komediantit-etukansi-nettilaatu-1-710x1024.jpg 710w, https:\/\/testi.stresa.fi\/wp-content\/uploads\/2026\/03\/komediantit-etukansi-nettilaatu-1-208x300.jpg 208w, https:\/\/testi.stresa.fi\/wp-content\/uploads\/2026\/03\/komediantit-etukansi-nettilaatu-1-768x1107.jpg 768w, https:\/\/testi.stresa.fi\/wp-content\/uploads\/2026\/03\/komediantit-etukansi-nettilaatu-1.jpg 951w\" sizes=\"auto, (max-width: 710px) 100vw, 710px\" \/><\/figure>\n\n\n\n<p>Komediantit on kertomus sirkuksesta, rakkaudesta ja pakolaisuudesta. Maneesilta vaunuun kuuluva musiikki tuo muistoja mieleen Arabella Schreierille, jonka tie oopperan balettioppilaasta kiert\u00e4v\u00e4n sirkusperheen artistiksi on ollut kuoppainen, mutta t\u00e4ynn\u00e4 el\u00e4m\u00e4\u00e4.<br>P\u00e4\u00e4henkil\u00f6n ja Dresdeniin j\u00e4\u00e4neen yst\u00e4v\u00e4tt\u00e4ren kirjeenvaihdossa kohtaavat kaksi lapsuutta ja todellisuutta, natsi-Saksan ja&nbsp;DDR:n. Voiko kummastakaan selvit\u00e4?<br>\u201d Ensimm\u00e4inen askel on pahin. J\u00e4hmetyn paikoilleni ja luulen jo, ett\u00e4 minun on luovutettava ja pudottauduttava alas. Otettava h\u00e4pe\u00e4 vastaan. Saan kuitenkin ajatukseni keskitetty\u00e4, ja siin\u00e4 seistess\u00e4ni, syv\u00e4\u00e4n hengitt\u00e4en, viimein vahvana ja valppaana, luulen ymm\u00e4rt\u00e4v\u00e4ni jotakin. Ett\u00e4 t\u00e4m\u00e4 t\u00e4ss\u00e4 ei ole esitys vaan kotini, p\u00e4\u00e4m\u00e4\u00e4r\u00e4, jota kohden olen puoli vuotta vaeltanut. Ett\u00e4 se on vain otettava haltuun, t\u00e4ytett\u00e4v\u00e4 tila ja oltava niin kuin el\u00e4m\u00e4ss\u00e4 ollaan. Teht\u00e4v\u00e4 parhaansa&nbsp;siin\u00e4.\u201d<br>Maritta Hirvosen esikoisromaani on kirjoitettu rakkaudesta sirkukseen, musiikkiin ja taiteeseen.<\/p>\n\n\n\n<div class=\"wp-block-columns is-layout-flex wp-container-core-columns-is-layout-119ad9e3 wp-block-columns-is-layout-flex\" style=\"margin-top:0px;margin-bottom:0px;padding-right:0;padding-left:0\">\n<div class=\"wp-block-column is-layout-flow wp-block-column-is-layout-flow\" style=\"flex-basis:100%\">\n<figure class=\"wp-block-table is-style-stripes\" style=\"margin-top:0;margin-right:0rem;margin-bottom:0;margin-left:0px;padding-top:0;padding-right:0rem;padding-bottom:0;padding-left:0\"><table><tbody><tr><th class=\"has-text-align-left\" data-align=\"left\">Nimi<\/th><td class=\"has-text-align-left\" data-align=\"left\">Komediantit romaani<\/td><\/tr><tr><th class=\"has-text-align-left\" data-align=\"left\">Kirjailija<\/th><td class=\"has-text-align-left\" data-align=\"left\">Maritta Hirvonen<\/td><\/tr><tr><th class=\"has-text-align-left\" data-align=\"left\">ISBN<\/th><td class=\"has-text-align-left\" data-align=\"left\">978-952-7369-02-9<\/td><\/tr><tr><th class=\"has-text-align-left\" data-align=\"left\">Tuotantovuosi<\/th><td class=\"has-text-align-left\" data-align=\"left\">2020<\/td><\/tr><tr><th class=\"has-text-align-left\" data-align=\"left\">Sivum\u00e4\u00e4r\u00e4<\/th><td class=\"has-text-align-left\" data-align=\"left\">272<\/td><\/tr><tr><th class=\"has-text-align-left\" data-align=\"left\">Hinta<\/th><td class=\"has-text-align-left\" data-align=\"left\">19,80<\/td><\/tr><tr><th class=\"has-text-align-left\" data-align=\"left\">Sidosasu<\/th><td class=\"has-text-align-left\" data-align=\"left\">nidottu<\/td><\/tr><\/tbody><\/table><\/figure>\n<\/div>\n<\/div>\n\n\n\n<p><\/p>\n\n\n\n<div class=\"wp-block-buttons is-layout-flex wp-block-buttons-is-layout-flex\">\n<div class=\"wp-block-button is-style-outline is-style-outline--1\"><a class=\"wp-block-button__link has-palette-color-9-color has-text-color has-link-color wp-element-button\">Osta t\u00e4st\u00e4<\/a><\/div>\n<\/div>\n\n\n\n<p><\/p>\n","protected":false},"excerpt":{"rendered":"<p>Komediantit on kertomus sirkuksesta, rakkaudesta ja pakolaisuudesta. Maneesilta vaunuun kuuluva musiikki tuo muistoja mieleen Arabella Schreierille, jonka tie oopperan balettioppilaasta kiert\u00e4v\u00e4n sirkusperheen artistiksi on ollut kuoppainen, mutta t\u00e4ynn\u00e4 el\u00e4m\u00e4\u00e4.P\u00e4\u00e4henkil\u00f6n ja Dresdeniin j\u00e4\u00e4neen yst\u00e4v\u00e4tt\u00e4ren kirjeenvaihdossa kohtaavat kaksi lapsuutta ja todellisuutta, natsi-Saksan ja&nbsp;DDR:n. Voiko kummastakaan selvit\u00e4?\u201d Ensimm\u00e4inen askel on pahin. J\u00e4hmetyn paikoilleni ja luulen jo, ett\u00e4 minun [&hellip;]<\/p>\n","protected":false},"author":1,"featured_media":0,"parent":0,"menu_order":0,"comment_status":"closed","ping_status":"closed","template":"","meta":{"footnotes":""},"class_list":["post-445","page","type-page","status-publish","hentry"],"blocksy_meta":[],"_links":{"self":[{"href":"https:\/\/testi.stresa.fi\/index.php\/wp-json\/wp\/v2\/pages\/445","targetHints":{"allow":["GET"]}}],"collection":[{"href":"https:\/\/testi.stresa.fi\/index.php\/wp-json\/wp\/v2\/pages"}],"about":[{"href":"https:\/\/testi.stresa.fi\/index.php\/wp-json\/wp\/v2\/types\/page"}],"author":[{"embeddable":true,"href":"https:\/\/testi.stresa.fi\/index.php\/wp-json\/wp\/v2\/users\/1"}],"replies":[{"embeddable":true,"href":"https:\/\/testi.stresa.fi\/index.php\/wp-json\/wp\/v2\/comments?post=445"}],"version-history":[{"count":5,"href":"https:\/\/testi.stresa.fi\/index.php\/wp-json\/wp\/v2\/pages\/445\/revisions"}],"predecessor-version":[{"id":470,"href":"https:\/\/testi.stresa.fi\/index.php\/wp-json\/wp\/v2\/pages\/445\/revisions\/470"}],"wp:attachment":[{"href":"https:\/\/testi.stresa.fi\/index.php\/wp-json\/wp\/v2\/media?parent=445"}],"curies":[{"name":"wp","href":"https:\/\/api.w.org\/{rel}","templated":true}]}}