{"id":448,"date":"2026-04-11T19:20:13","date_gmt":"2026-04-11T19:20:13","guid":{"rendered":"https:\/\/testi.stresa.fi\/?page_id=448"},"modified":"2026-04-11T19:20:56","modified_gmt":"2026-04-11T19:20:56","slug":"maritta-hirvonen-pikkukamarimusiikkia","status":"publish","type":"page","link":"https:\/\/testi.stresa.fi\/index.php\/maritta-hirvonen-pikkukamarimusiikkia\/","title":{"rendered":"Maritta Hirvonen, Pikkukamarimusiikkia"},"content":{"rendered":"\n<figure class=\"wp-block-image size-full is-resized\"><img loading=\"lazy\" decoding=\"async\" width=\"667\" height=\"1000\" src=\"https:\/\/testi.stresa.fi\/wp-content\/uploads\/2026\/03\/Pikkukamarimusiikkia-etukansi-web.jpg\" alt=\"\" class=\"wp-image-27\" style=\"width:auto;height:400px\" srcset=\"https:\/\/testi.stresa.fi\/wp-content\/uploads\/2026\/03\/Pikkukamarimusiikkia-etukansi-web.jpg 667w, https:\/\/testi.stresa.fi\/wp-content\/uploads\/2026\/03\/Pikkukamarimusiikkia-etukansi-web-200x300.jpg 200w\" sizes=\"auto, (max-width: 667px) 100vw, 667px\" \/><\/figure>\n\n\n\n<p>\u201dPoulencin klarinettisonaatin puolessa v\u00e4liss\u00e4 Paavon silm\u00e4t menev\u00e4t kiinni. Luulen, ett\u00e4 se on nukahtanut taas. V\u00e4h\u00e4n virke\u00e4mm\u00e4nsorttista miest\u00e4 olin sielt\u00e4 Tinderist\u00e4 itselleni ajatellut, mutta valikoimaa ei paljon\u00a0ollut.<br>V\u00e4liajalla Paavo puhkeaa puhumaan. Sille on tullut mieleen Los Paraguayos, jota se vuosikymmeni\u00e4 sitten oli kuullut Risulahden lavalla. Siin\u00e4 klarinetissa oli ollut jotakin samaa, iloista ja haikeaa yht\u00e4 aikaa. Se oli sit\u00e4 liikuttanut, melkein kuin Olavi Virran\u00a0laulu.\u201d<br>Lyhyen naisen lyhyet tarinat on kirjoitettu leikisti mutta tosissaan. Niiss\u00e4 vilahtavat niin Mahler ja Debussy kuin ranskalainen chanson ja Jukka Poikakin. Kanttori Tarmo Kiisselin taituroima F\u00fcr Elise juhlistaa kauppiasparin seurapiiritilaisuuden.<\/p>\n\n\n\n<figure class=\"wp-block-table is-style-stripes\"><table><tbody><tr><th class=\"has-text-align-left\" data-align=\"left\">Nimi<\/th><td class=\"has-text-align-left\" data-align=\"left\">Pikkukamarimusiikkia, novellikokoelma<\/td><\/tr><tr><th class=\"has-text-align-left\" data-align=\"left\">Kirjailija<\/th><td class=\"has-text-align-left\" data-align=\"left\">Maritta Hirvonen<\/td><\/tr><tr><th class=\"has-text-align-left\" data-align=\"left\">ISBN<\/th><td class=\"has-text-align-left\" data-align=\"left\">978-952-7369-05-0<\/td><\/tr><tr><th class=\"has-text-align-left\" data-align=\"left\">Tuotantovuosi<\/th><td class=\"has-text-align-left\" data-align=\"left\">2021<\/td><\/tr><tr><th class=\"has-text-align-left\" data-align=\"left\">Sivum\u00e4\u00e4r\u00e4<\/th><td class=\"has-text-align-left\" data-align=\"left\">121<\/td><\/tr><tr><th class=\"has-text-align-left\" data-align=\"left\">Hinta<\/th><td class=\"has-text-align-left\" data-align=\"left\">19,80<\/td><\/tr><tr><th class=\"has-text-align-left\" data-align=\"left\">Sidosasu<\/th><td class=\"has-text-align-left\" data-align=\"left\">Nidottu<\/td><\/tr><\/tbody><\/table><\/figure>\n\n\n\n<div class=\"wp-block-buttons is-layout-flex wp-block-buttons-is-layout-flex\">\n<div class=\"wp-block-button is-style-outline is-style-outline--1\"><a class=\"wp-block-button__link has-palette-color-9-color has-text-color has-link-color wp-element-button\">Osta t\u00e4st\u00e4<\/a><\/div>\n<\/div>\n\n\n\n<p><\/p>\n","protected":false},"excerpt":{"rendered":"<p>\u201dPoulencin klarinettisonaatin puolessa v\u00e4liss\u00e4 Paavon silm\u00e4t menev\u00e4t kiinni. Luulen, ett\u00e4 se on nukahtanut taas. V\u00e4h\u00e4n virke\u00e4mm\u00e4nsorttista miest\u00e4 olin sielt\u00e4 Tinderist\u00e4 itselleni ajatellut, mutta valikoimaa ei paljon\u00a0ollut.V\u00e4liajalla Paavo puhkeaa puhumaan. Sille on tullut mieleen Los Paraguayos, jota se vuosikymmeni\u00e4 sitten oli kuullut Risulahden lavalla. Siin\u00e4 klarinetissa oli ollut jotakin samaa, iloista ja haikeaa yht\u00e4 aikaa. Se [&hellip;]<\/p>\n","protected":false},"author":1,"featured_media":0,"parent":0,"menu_order":0,"comment_status":"closed","ping_status":"closed","template":"","meta":{"footnotes":""},"class_list":["post-448","page","type-page","status-publish","hentry"],"blocksy_meta":[],"_links":{"self":[{"href":"https:\/\/testi.stresa.fi\/index.php\/wp-json\/wp\/v2\/pages\/448","targetHints":{"allow":["GET"]}}],"collection":[{"href":"https:\/\/testi.stresa.fi\/index.php\/wp-json\/wp\/v2\/pages"}],"about":[{"href":"https:\/\/testi.stresa.fi\/index.php\/wp-json\/wp\/v2\/types\/page"}],"author":[{"embeddable":true,"href":"https:\/\/testi.stresa.fi\/index.php\/wp-json\/wp\/v2\/users\/1"}],"replies":[{"embeddable":true,"href":"https:\/\/testi.stresa.fi\/index.php\/wp-json\/wp\/v2\/comments?post=448"}],"version-history":[{"count":2,"href":"https:\/\/testi.stresa.fi\/index.php\/wp-json\/wp\/v2\/pages\/448\/revisions"}],"predecessor-version":[{"id":451,"href":"https:\/\/testi.stresa.fi\/index.php\/wp-json\/wp\/v2\/pages\/448\/revisions\/451"}],"wp:attachment":[{"href":"https:\/\/testi.stresa.fi\/index.php\/wp-json\/wp\/v2\/media?parent=448"}],"curies":[{"name":"wp","href":"https:\/\/api.w.org\/{rel}","templated":true}]}}