{"id":452,"date":"2026-04-11T19:23:38","date_gmt":"2026-04-11T19:23:38","guid":{"rendered":"https:\/\/testi.stresa.fi\/?page_id=452"},"modified":"2026-04-11T19:23:38","modified_gmt":"2026-04-11T19:23:38","slug":"maritta-hirvonen-seiso-vankkana-suomalainen","status":"publish","type":"page","link":"https:\/\/testi.stresa.fi\/index.php\/maritta-hirvonen-seiso-vankkana-suomalainen\/","title":{"rendered":"Maritta Hirvonen, Seiso vankkana suomalainen"},"content":{"rendered":"\n<figure class=\"wp-block-image size-full is-resized\"><img loading=\"lazy\" decoding=\"async\" width=\"1004\" height=\"983\" src=\"https:\/\/testi.stresa.fi\/wp-content\/uploads\/2026\/03\/Seiso-vankkana-kansi-net.jpg\" alt=\"\" class=\"wp-image-32\" style=\"width:auto;height:400px\" srcset=\"https:\/\/testi.stresa.fi\/wp-content\/uploads\/2026\/03\/Seiso-vankkana-kansi-net.jpg 1004w, https:\/\/testi.stresa.fi\/wp-content\/uploads\/2026\/03\/Seiso-vankkana-kansi-net-300x294.jpg 300w, https:\/\/testi.stresa.fi\/wp-content\/uploads\/2026\/03\/Seiso-vankkana-kansi-net-768x752.jpg 768w\" sizes=\"auto, (max-width: 1004px) 100vw, 1004px\" \/><\/figure>\n\n\n\n<p>Paperitehtaan ty\u00f6mies Albin Valkamalla ja patruuna Fredrik Idestamilla on yhteinen unelma. Molemmat tahtovat hyvinvointia ja edistyst\u00e4 itselleen ja perheilleen, samalla Suomelle ja Nokialle. Seiso vankkana suomalainen kertoo miten unelma Albinin 13-lapsisessa perheess\u00e4 toteutuu ja millaisia uhreja se vaatii.<\/p>\n\n\n\n<p>Albin ja kaltaisensa l\u00e4htiv\u00e4t torpista tehtaisiin. He rakensivat Suomea osaltaan, pienell\u00e4 paikkakunnalla, jonka nime\u00e4 maailmalla tuskin tunnettiin, yhteisvastuun ja tulevaisuudenuskon kannattelemina.<\/p>\n\n\n\n<p>Yksi laulu johdattaa sukua l\u00e4pi vuosikymmenten.<\/p>\n\n\n\n<p><em>Albin ja Alma el\u00e4v\u00e4t meiss\u00e4 ja lapsissamme, kaikki heid\u00e4n kokemuksensa, ty\u00f6ns\u00e4 ja ponnistelunsa kohti parempaa maailmaa. Kuvissa he saattelevat meit\u00e4 katseellaan ja toivovat parasta j\u00e4lkeen tuleville.<\/em><\/p>\n\n\n\n<figure class=\"wp-block-table is-style-stripes\"><table><tbody><tr><th class=\"has-text-align-left\" data-align=\"left\">Nimi<\/th><td class=\"has-text-align-left\" data-align=\"left\">Seiso vankkana suomalainen sukuhistoria<\/td><\/tr><tr><th class=\"has-text-align-left\" data-align=\"left\">Kirjailija<\/th><td class=\"has-text-align-left\" data-align=\"left\">Hirvonen, Maritta<\/td><\/tr><tr><th class=\"has-text-align-left\" data-align=\"left\">ISBN<\/th><td class=\"has-text-align-left\" data-align=\"left\">978-952-68772-2-8<\/td><\/tr><tr><th class=\"has-text-align-left\" data-align=\"left\">Tuotantovuosi<\/th><td class=\"has-text-align-left\" data-align=\"left\">2018<\/td><\/tr><tr><th class=\"has-text-align-left\" data-align=\"left\">Sivum\u00e4\u00e4r\u00e4<\/th><td class=\"has-text-align-left\" data-align=\"left\">104<\/td><\/tr><tr><th class=\"has-text-align-left\" data-align=\"left\">Hinta<\/th><td class=\"has-text-align-left\" data-align=\"left\">19,80 \u20ac<\/td><\/tr><\/tbody><\/table><\/figure>\n\n\n\n<div class=\"wp-block-buttons is-layout-flex wp-block-buttons-is-layout-flex\">\n<div class=\"wp-block-button is-style-outline is-style-outline--1\"><a class=\"wp-block-button__link has-palette-color-9-color has-text-color has-link-color wp-element-button\">Osta t\u00e4st\u00e4<\/a><\/div>\n<\/div>\n","protected":false},"excerpt":{"rendered":"<p>Paperitehtaan ty\u00f6mies Albin Valkamalla ja patruuna Fredrik Idestamilla on yhteinen unelma. Molemmat tahtovat hyvinvointia ja edistyst\u00e4 itselleen ja perheilleen, samalla Suomelle ja Nokialle. Seiso vankkana suomalainen kertoo miten unelma Albinin 13-lapsisessa perheess\u00e4 toteutuu ja millaisia uhreja se vaatii. Albin ja kaltaisensa l\u00e4htiv\u00e4t torpista tehtaisiin. He rakensivat Suomea osaltaan, pienell\u00e4 paikkakunnalla, jonka nime\u00e4 maailmalla tuskin tunnettiin, [&hellip;]<\/p>\n","protected":false},"author":1,"featured_media":0,"parent":0,"menu_order":0,"comment_status":"closed","ping_status":"closed","template":"","meta":{"footnotes":""},"class_list":["post-452","page","type-page","status-publish","hentry"],"blocksy_meta":[],"_links":{"self":[{"href":"https:\/\/testi.stresa.fi\/index.php\/wp-json\/wp\/v2\/pages\/452","targetHints":{"allow":["GET"]}}],"collection":[{"href":"https:\/\/testi.stresa.fi\/index.php\/wp-json\/wp\/v2\/pages"}],"about":[{"href":"https:\/\/testi.stresa.fi\/index.php\/wp-json\/wp\/v2\/types\/page"}],"author":[{"embeddable":true,"href":"https:\/\/testi.stresa.fi\/index.php\/wp-json\/wp\/v2\/users\/1"}],"replies":[{"embeddable":true,"href":"https:\/\/testi.stresa.fi\/index.php\/wp-json\/wp\/v2\/comments?post=452"}],"version-history":[{"count":1,"href":"https:\/\/testi.stresa.fi\/index.php\/wp-json\/wp\/v2\/pages\/452\/revisions"}],"predecessor-version":[{"id":454,"href":"https:\/\/testi.stresa.fi\/index.php\/wp-json\/wp\/v2\/pages\/452\/revisions\/454"}],"wp:attachment":[{"href":"https:\/\/testi.stresa.fi\/index.php\/wp-json\/wp\/v2\/media?parent=452"}],"curies":[{"name":"wp","href":"https:\/\/api.w.org\/{rel}","templated":true}]}}