{"id":455,"date":"2026-04-11T19:26:16","date_gmt":"2026-04-11T19:26:16","guid":{"rendered":"https:\/\/testi.stresa.fi\/?page_id=455"},"modified":"2026-04-11T19:26:16","modified_gmt":"2026-04-11T19:26:16","slug":"pekka-arppe-hajonnan-sisalla","status":"publish","type":"page","link":"https:\/\/testi.stresa.fi\/index.php\/pekka-arppe-hajonnan-sisalla\/","title":{"rendered":"Pekka Arppe, Hajonnan sis\u00e4ll\u00e4"},"content":{"rendered":"\n<figure class=\"wp-block-image size-large is-resized\"><img loading=\"lazy\" decoding=\"async\" width=\"692\" height=\"1024\" src=\"https:\/\/testi.stresa.fi\/wp-content\/uploads\/2026\/03\/hajonnansisalla_etukansi-692x1024.jpg\" alt=\"\" class=\"wp-image-19\" style=\"width:auto;height:400px\" srcset=\"https:\/\/testi.stresa.fi\/wp-content\/uploads\/2026\/03\/hajonnansisalla_etukansi-692x1024.jpg 692w, https:\/\/testi.stresa.fi\/wp-content\/uploads\/2026\/03\/hajonnansisalla_etukansi-203x300.jpg 203w, https:\/\/testi.stresa.fi\/wp-content\/uploads\/2026\/03\/hajonnansisalla_etukansi-768x1136.jpg 768w, https:\/\/testi.stresa.fi\/wp-content\/uploads\/2026\/03\/hajonnansisalla_etukansi.jpg 770w\" sizes=\"auto, (max-width: 692px) 100vw, 692px\" \/><\/figure>\n\n\n\n<p>Hajontaa on monenlaista, suuntaa kaivataan. Onko se oikea vai v\u00e4\u00e4r\u00e4, ja kuka sen muka sanelee? Mestareita saattaa olla jossain, mutta eiv\u00e4t ne hoida hommiaan kuten ehk\u00e4 pit\u00e4isi. Jalkaty\u00f6 tuppaa j\u00e4\u00e4m\u00e4\u00e4n sille, jolla on p\u00e4\u00e4 \u2013 ja\u00a0syd\u00e4n.<br>Esikoisromaani Timanttinapsut osoitti, ett\u00e4 Pekka Arppe hallitsee tragikomedian. Lukijaa vied\u00e4\u00e4n taas tyylikk\u00e4\u00e4sti. Kun ihmiset eiv\u00e4t juuri osaa menn\u00e4 nuolten suuntaan, on tarinan paikka.<\/p>\n\n\n\n<figure class=\"wp-block-table is-style-stripes\"><table><tbody><tr><th class=\"has-text-align-left\" data-align=\"left\">Nimi<\/th><td class=\"has-text-align-left\" data-align=\"left\">Hajonnan sis\u00e4ll\u00e4, romaani <\/td><\/tr><tr><th class=\"has-text-align-left\" data-align=\"left\">Kirjailija<\/th><td class=\"has-text-align-left\" data-align=\"left\">Pekka&nbsp;Arppe<\/td><\/tr><tr><th class=\"has-text-align-left\" data-align=\"left\">ISBN<\/th><td class=\"has-text-align-left\" data-align=\"left\">978-952-68772-8-0<\/td><\/tr><tr><th class=\"has-text-align-left\" data-align=\"left\">Sivum\u00e4\u00e4r\u00e4<\/th><td class=\"has-text-align-left\" data-align=\"left\">192<\/td><\/tr><tr><th class=\"has-text-align-left\" data-align=\"left\">Hinta<\/th><td class=\"has-text-align-left\" data-align=\"left\">25,50<\/td><\/tr><tr><th class=\"has-text-align-left\" data-align=\"left\">Sidosasu<\/th><td class=\"has-text-align-left\" data-align=\"left\">nidottu<\/td><\/tr><\/tbody><\/table><\/figure>\n\n\n\n<div class=\"wp-block-buttons is-layout-flex wp-block-buttons-is-layout-flex\">\n<div class=\"wp-block-button is-style-outline is-style-outline--1\"><a class=\"wp-block-button__link has-palette-color-9-color has-text-color has-link-color wp-element-button\">Osta t\u00e4st\u00e4<\/a><\/div>\n<\/div>\n","protected":false},"excerpt":{"rendered":"<p>Hajontaa on monenlaista, suuntaa kaivataan. Onko se oikea vai v\u00e4\u00e4r\u00e4, ja kuka sen muka sanelee? Mestareita saattaa olla jossain, mutta eiv\u00e4t ne hoida hommiaan kuten ehk\u00e4 pit\u00e4isi. Jalkaty\u00f6 tuppaa j\u00e4\u00e4m\u00e4\u00e4n sille, jolla on p\u00e4\u00e4 \u2013 ja\u00a0syd\u00e4n.Esikoisromaani Timanttinapsut osoitti, ett\u00e4 Pekka Arppe hallitsee tragikomedian. Lukijaa vied\u00e4\u00e4n taas tyylikk\u00e4\u00e4sti. Kun ihmiset eiv\u00e4t juuri osaa menn\u00e4 nuolten suuntaan, [&hellip;]<\/p>\n","protected":false},"author":1,"featured_media":0,"parent":0,"menu_order":0,"comment_status":"closed","ping_status":"closed","template":"","meta":{"footnotes":""},"class_list":["post-455","page","type-page","status-publish","hentry"],"blocksy_meta":[],"_links":{"self":[{"href":"https:\/\/testi.stresa.fi\/index.php\/wp-json\/wp\/v2\/pages\/455","targetHints":{"allow":["GET"]}}],"collection":[{"href":"https:\/\/testi.stresa.fi\/index.php\/wp-json\/wp\/v2\/pages"}],"about":[{"href":"https:\/\/testi.stresa.fi\/index.php\/wp-json\/wp\/v2\/types\/page"}],"author":[{"embeddable":true,"href":"https:\/\/testi.stresa.fi\/index.php\/wp-json\/wp\/v2\/users\/1"}],"replies":[{"embeddable":true,"href":"https:\/\/testi.stresa.fi\/index.php\/wp-json\/wp\/v2\/comments?post=455"}],"version-history":[{"count":1,"href":"https:\/\/testi.stresa.fi\/index.php\/wp-json\/wp\/v2\/pages\/455\/revisions"}],"predecessor-version":[{"id":457,"href":"https:\/\/testi.stresa.fi\/index.php\/wp-json\/wp\/v2\/pages\/455\/revisions\/457"}],"wp:attachment":[{"href":"https:\/\/testi.stresa.fi\/index.php\/wp-json\/wp\/v2\/media?parent=455"}],"curies":[{"name":"wp","href":"https:\/\/api.w.org\/{rel}","templated":true}]}}