{"id":458,"date":"2026-04-11T19:28:49","date_gmt":"2026-04-11T19:28:49","guid":{"rendered":"https:\/\/testi.stresa.fi\/?page_id=458"},"modified":"2026-04-11T19:28:49","modified_gmt":"2026-04-11T19:28:49","slug":"pekka-arppe-hiekkaa-silmille","status":"publish","type":"page","link":"https:\/\/testi.stresa.fi\/index.php\/pekka-arppe-hiekkaa-silmille\/","title":{"rendered":"Pekka Arppe, Hiekkaa silmille"},"content":{"rendered":"\n<figure class=\"wp-block-image size-full is-resized\"><img loading=\"lazy\" decoding=\"async\" width=\"480\" height=\"480\" src=\"https:\/\/testi.stresa.fi\/wp-content\/uploads\/2026\/03\/298566259_10222164814374259_5359212185780784991_n.jpg\" alt=\"\" class=\"wp-image-13\" style=\"width:auto;height:400px\" srcset=\"https:\/\/testi.stresa.fi\/wp-content\/uploads\/2026\/03\/298566259_10222164814374259_5359212185780784991_n.jpg 480w, https:\/\/testi.stresa.fi\/wp-content\/uploads\/2026\/03\/298566259_10222164814374259_5359212185780784991_n-300x300.jpg 300w, https:\/\/testi.stresa.fi\/wp-content\/uploads\/2026\/03\/298566259_10222164814374259_5359212185780784991_n-150x150.jpg 150w\" sizes=\"auto, (max-width: 480px) 100vw, 480px\" \/><\/figure>\n\n\n\n<p>Oletko valmis osallistumaan eloonj\u00e4\u00e4mispeliin, jossa ei ole tarjolla lev\u00e4hdyspisteit\u00e4, ei kannustusta eik\u00e4 lohdutuspalkintoja?<br>Suomalaisyritys rakentaa Libyaan 1980-luvulla satamia. Menestystarina saa kuitenkin yll\u00e4tt\u00e4v\u00e4n k\u00e4\u00e4nteen viranomaisten taholta. Alkaa vuosia kest\u00e4v\u00e4 piina ja lopulta kuristusote est\u00e4\u00e4 hengitt\u00e4misen. On l\u00f6ydett\u00e4v\u00e4 jokin ratkaisu ja sille toteuttajansa.<br>Kirjailijan omiin kokemuksiin perustuvassa autofiktiivisess\u00e4 selviytymistarinassa,<br>Afrikan t\u00e4hti -pelin libyalaisessa versiossa, nuori rakennusinsin\u00f6\u00f6ri joutuu kameleontin tavoin vaihtamaan v\u00e4ri\u00e4 selviyty\u00e4kseen paikallisten kynsist\u00e4.<\/p>\n\n\n\n<p>Kirjat myyd\u00e4\u00e4n yhdess\u00e4, hintaan 27&nbsp;euroa.<\/p>\n\n\n\n<figure class=\"wp-block-table is-style-stripes\"><table><tbody><tr><th class=\"has-text-align-left\" data-align=\"left\">Nimi<\/th><td class=\"has-text-align-left\" data-align=\"left\">Hiekkaa silmille, kaksiosainen romaani<\/td><\/tr><tr><th class=\"has-text-align-left\" data-align=\"left\">Kirjailija<\/th><td class=\"has-text-align-left\" data-align=\"left\">Pekka&nbsp;Arppe<\/td><\/tr><tr><th class=\"has-text-align-left\" data-align=\"left\">ISBN<\/th><td class=\"has-text-align-left\" data-align=\"left\">osa 1: 978-952-7369-10-4, osa 2: 978-952-7369-11-1<\/td><\/tr><tr><th class=\"has-text-align-left\" data-align=\"left\">Tuotantovuosi<\/th><td class=\"has-text-align-left\" data-align=\"left\">2022<\/td><\/tr><tr><th class=\"has-text-align-left\" data-align=\"left\">Sivum\u00e4\u00e4r\u00e4<\/th><td class=\"has-text-align-left\" data-align=\"left\">osa 1: 384, osa 2:&nbsp;392<\/td><\/tr><tr><th class=\"has-text-align-left\" data-align=\"left\">Hinta<\/th><td class=\"has-text-align-left\" data-align=\"left\">27<\/td><\/tr><tr><th class=\"has-text-align-left\" data-align=\"left\">Sidosasu<\/th><td class=\"has-text-align-left\" data-align=\"left\">nidottu<\/td><\/tr><\/tbody><\/table><\/figure>\n\n\n\n<div class=\"wp-block-buttons is-layout-flex wp-block-buttons-is-layout-flex\">\n<div class=\"wp-block-button is-style-outline is-style-outline--1\"><a class=\"wp-block-button__link has-palette-color-9-color has-text-color has-link-color wp-element-button\">Osta t\u00e4st\u00e4<\/a><\/div>\n<\/div>\n","protected":false},"excerpt":{"rendered":"<p>Oletko valmis osallistumaan eloonj\u00e4\u00e4mispeliin, jossa ei ole tarjolla lev\u00e4hdyspisteit\u00e4, ei kannustusta eik\u00e4 lohdutuspalkintoja?Suomalaisyritys rakentaa Libyaan 1980-luvulla satamia. Menestystarina saa kuitenkin yll\u00e4tt\u00e4v\u00e4n k\u00e4\u00e4nteen viranomaisten taholta. Alkaa vuosia kest\u00e4v\u00e4 piina ja lopulta kuristusote est\u00e4\u00e4 hengitt\u00e4misen. On l\u00f6ydett\u00e4v\u00e4 jokin ratkaisu ja sille toteuttajansa.Kirjailijan omiin kokemuksiin perustuvassa autofiktiivisess\u00e4 selviytymistarinassa,Afrikan t\u00e4hti -pelin libyalaisessa versiossa, nuori rakennusinsin\u00f6\u00f6ri joutuu kameleontin tavoin vaihtamaan [&hellip;]<\/p>\n","protected":false},"author":1,"featured_media":0,"parent":0,"menu_order":0,"comment_status":"closed","ping_status":"closed","template":"","meta":{"footnotes":""},"class_list":["post-458","page","type-page","status-publish","hentry"],"blocksy_meta":[],"_links":{"self":[{"href":"https:\/\/testi.stresa.fi\/index.php\/wp-json\/wp\/v2\/pages\/458","targetHints":{"allow":["GET"]}}],"collection":[{"href":"https:\/\/testi.stresa.fi\/index.php\/wp-json\/wp\/v2\/pages"}],"about":[{"href":"https:\/\/testi.stresa.fi\/index.php\/wp-json\/wp\/v2\/types\/page"}],"author":[{"embeddable":true,"href":"https:\/\/testi.stresa.fi\/index.php\/wp-json\/wp\/v2\/users\/1"}],"replies":[{"embeddable":true,"href":"https:\/\/testi.stresa.fi\/index.php\/wp-json\/wp\/v2\/comments?post=458"}],"version-history":[{"count":1,"href":"https:\/\/testi.stresa.fi\/index.php\/wp-json\/wp\/v2\/pages\/458\/revisions"}],"predecessor-version":[{"id":460,"href":"https:\/\/testi.stresa.fi\/index.php\/wp-json\/wp\/v2\/pages\/458\/revisions\/460"}],"wp:attachment":[{"href":"https:\/\/testi.stresa.fi\/index.php\/wp-json\/wp\/v2\/media?parent=458"}],"curies":[{"name":"wp","href":"https:\/\/api.w.org\/{rel}","templated":true}]}}