{"id":461,"date":"2026-04-11T19:32:20","date_gmt":"2026-04-11T19:32:20","guid":{"rendered":"https:\/\/testi.stresa.fi\/?page_id=461"},"modified":"2026-04-11T19:32:20","modified_gmt":"2026-04-11T19:32:20","slug":"pekka-arppe-timanttinapsut","status":"publish","type":"page","link":"https:\/\/testi.stresa.fi\/index.php\/pekka-arppe-timanttinapsut\/","title":{"rendered":"Pekka Arppe, Timanttinapsut"},"content":{"rendered":"\n<figure class=\"wp-block-image size-full is-resized\"><img loading=\"lazy\" decoding=\"async\" width=\"610\" height=\"917\" src=\"https:\/\/testi.stresa.fi\/wp-content\/uploads\/2026\/03\/timanttinapsut_etukansi_nettiin50.jpg\" alt=\"\" class=\"wp-image-120\" style=\"width:auto;height:400px\" srcset=\"https:\/\/testi.stresa.fi\/wp-content\/uploads\/2026\/03\/timanttinapsut_etukansi_nettiin50.jpg 610w, https:\/\/testi.stresa.fi\/wp-content\/uploads\/2026\/03\/timanttinapsut_etukansi_nettiin50-200x300.jpg 200w\" sizes=\"auto, (max-width: 610px) 100vw, 610px\" \/><\/figure>\n\n\n\n<p><em>\u201cEi Eki kaipaillut pois kaidalta tielt\u00e4. Niin vain k\u00e4vi. Siin\u00e4 ehti sattua ja tapahtua, velkaa tuli ja muutama raatokin, vaikka ei h\u00e4n sit\u00e4 halunnut. Sitten Eki keksii siirty\u00e4 napsujen ker\u00e4ilij\u00e4ksi. H\u00e4n p\u00f6rr\u00e4\u00e4 kaksoisveljens\u00e4 py\u00f6r\u00e4tuolissa siell\u00e4, miss\u00e4 raha liikkuu ja huolimaton rikas k\u00e4y pyydykseen. Ja niiss\u00e4 pilkkipaikoissa selvi\u00e4\u00e4, kuka on akryylinapsu tai per\u00e4ti timanttinapsu. Eki on \u00f6inen vieras, siisti ja salainen. N\u00e4pp\u00e4r\u00e4sti kuin tiainen Eki napsii ravinnokseen saaliita: pahaa-aavistamattomia pankkiautomaattien asiakkaita. Pian alkaa maa kuitenkin poltella. Ja ent\u00e4 jos nainen kutsuu, saavatko napsut, riidat ja raadot\u00a0j\u00e4\u00e4d\u00e4?\u201d<\/em><\/p>\n\n\n\n<figure class=\"wp-block-table is-style-stripes\"><table><tbody><tr><th class=\"has-text-align-left\" data-align=\"left\">Nimi<\/th><td class=\"has-text-align-left\" data-align=\"left\">Timanttinapsut, romaani<\/td><\/tr><tr><th class=\"has-text-align-left\" data-align=\"left\">Kirjailija<\/th><td class=\"has-text-align-left\" data-align=\"left\">Pekka&nbsp;Arppe<\/td><\/tr><tr><th class=\"has-text-align-left\" data-align=\"left\">ISBN<\/th><td class=\"has-text-align-left\" data-align=\"left\">978-952-68772-3-5<\/td><\/tr><tr><th class=\"has-text-align-left\" data-align=\"left\">Tuotantovuosi<\/th><td class=\"has-text-align-left\" data-align=\"left\">2018<\/td><\/tr><tr><th class=\"has-text-align-left\" data-align=\"left\">Sivum\u00e4\u00e4r\u00e4<\/th><td class=\"has-text-align-left\" data-align=\"left\">288<\/td><\/tr><tr><th class=\"has-text-align-left\" data-align=\"left\">Hinta<\/th><td class=\"has-text-align-left\" data-align=\"left\">25,50<\/td><\/tr><tr><th class=\"has-text-align-left\" data-align=\"left\">Sidosasu<\/th><td class=\"has-text-align-left\" data-align=\"left\">nidottu<\/td><\/tr><\/tbody><\/table><\/figure>\n\n\n\n<div class=\"wp-block-buttons is-layout-flex wp-block-buttons-is-layout-flex\">\n<div class=\"wp-block-button is-style-outline is-style-outline--1\"><a class=\"wp-block-button__link has-palette-color-9-color has-text-color has-link-color wp-element-button\">Osta t\u00e4st\u00e4<\/a><\/div>\n<\/div>\n\n\n\n<p><\/p>\n","protected":false},"excerpt":{"rendered":"<p>\u201cEi Eki kaipaillut pois kaidalta tielt\u00e4. Niin vain k\u00e4vi. Siin\u00e4 ehti sattua ja tapahtua, velkaa tuli ja muutama raatokin, vaikka ei h\u00e4n sit\u00e4 halunnut. Sitten Eki keksii siirty\u00e4 napsujen ker\u00e4ilij\u00e4ksi. H\u00e4n p\u00f6rr\u00e4\u00e4 kaksoisveljens\u00e4 py\u00f6r\u00e4tuolissa siell\u00e4, miss\u00e4 raha liikkuu ja huolimaton rikas k\u00e4y pyydykseen. Ja niiss\u00e4 pilkkipaikoissa selvi\u00e4\u00e4, kuka on akryylinapsu tai per\u00e4ti timanttinapsu. Eki on [&hellip;]<\/p>\n","protected":false},"author":1,"featured_media":0,"parent":0,"menu_order":0,"comment_status":"closed","ping_status":"closed","template":"","meta":{"footnotes":""},"class_list":["post-461","page","type-page","status-publish","hentry"],"blocksy_meta":[],"_links":{"self":[{"href":"https:\/\/testi.stresa.fi\/index.php\/wp-json\/wp\/v2\/pages\/461","targetHints":{"allow":["GET"]}}],"collection":[{"href":"https:\/\/testi.stresa.fi\/index.php\/wp-json\/wp\/v2\/pages"}],"about":[{"href":"https:\/\/testi.stresa.fi\/index.php\/wp-json\/wp\/v2\/types\/page"}],"author":[{"embeddable":true,"href":"https:\/\/testi.stresa.fi\/index.php\/wp-json\/wp\/v2\/users\/1"}],"replies":[{"embeddable":true,"href":"https:\/\/testi.stresa.fi\/index.php\/wp-json\/wp\/v2\/comments?post=461"}],"version-history":[{"count":1,"href":"https:\/\/testi.stresa.fi\/index.php\/wp-json\/wp\/v2\/pages\/461\/revisions"}],"predecessor-version":[{"id":463,"href":"https:\/\/testi.stresa.fi\/index.php\/wp-json\/wp\/v2\/pages\/461\/revisions\/463"}],"wp:attachment":[{"href":"https:\/\/testi.stresa.fi\/index.php\/wp-json\/wp\/v2\/media?parent=461"}],"curies":[{"name":"wp","href":"https:\/\/api.w.org\/{rel}","templated":true}]}}