{"id":471,"date":"2026-04-11T19:49:46","date_gmt":"2026-04-11T19:49:46","guid":{"rendered":"https:\/\/testi.stresa.fi\/?page_id=471"},"modified":"2026-04-11T19:50:19","modified_gmt":"2026-04-11T19:50:19","slug":"pirjo-ja-reijo-toivanen-italiaa-ristiin-rastiin-goethen-kannoilla","status":"publish","type":"page","link":"https:\/\/testi.stresa.fi\/index.php\/pirjo-ja-reijo-toivanen-italiaa-ristiin-rastiin-goethen-kannoilla\/","title":{"rendered":"Pirjo ja Reijo Toivanen, Italiaa ristiin rastiin, Goethen kannoilla"},"content":{"rendered":"\n<figure class=\"wp-block-image size-full is-resized\"><img loading=\"lazy\" decoding=\"async\" width=\"886\" height=\"887\" src=\"https:\/\/testi.stresa.fi\/wp-content\/uploads\/2026\/03\/Italiaa-ristiin-rastiin-kansi.jpg\" alt=\"\" class=\"wp-image-21\" style=\"width:auto;height:400px\" srcset=\"https:\/\/testi.stresa.fi\/wp-content\/uploads\/2026\/03\/Italiaa-ristiin-rastiin-kansi.jpg 886w, https:\/\/testi.stresa.fi\/wp-content\/uploads\/2026\/03\/Italiaa-ristiin-rastiin-kansi-300x300.jpg 300w, https:\/\/testi.stresa.fi\/wp-content\/uploads\/2026\/03\/Italiaa-ristiin-rastiin-kansi-150x150.jpg 150w, https:\/\/testi.stresa.fi\/wp-content\/uploads\/2026\/03\/Italiaa-ristiin-rastiin-kansi-768x769.jpg 768w\" sizes=\"auto, (max-width: 886px) 100vw, 886px\" \/><\/figure>\n\n\n\n<p>Pirjo ja Reijo Toivanen ovat asuneet Italiassa vuodesta 2008 l\u00e4htien. Rakkaus maahan syttyi Gardaj\u00e4rvell\u00e4 kes\u00e4isen\u00e4 aamuna vuonna 1989, kun he olivat ajamassa yst\u00e4vien luokse Toscanaan.<br>Johann Wolfgang von Goethe teki&nbsp;Grand tour&nbsp;-matkan vuosina 1786-1788 Italian niemimaan halki. Vuonna 1992 julkaistu Sinikka Kallion suomentama yhteenveto Goethen matkasta innosti Toivasia seuraamaan suurmiehen jalanj\u00e4lki\u00e4 pohjoisesta etel\u00e4\u00e4n. Syntyi teos, jossa kuvin ja tarinoin tuodaan h\u00e4nen matkansa vaiheita t\u00e4h\u00e4n p\u00e4iv\u00e4\u00e4n.<br>Goethe arvosti antiikin taidetta ja k\u00e4sity\u00f6taitoa. Menneisyys kytkeytyy niist\u00e4 nykyisyyteen. Oliivipuu voi kasvaa kaksituhatta vuotta. Pinnan rosoisuutta koskettaessa voi vain h\u00e4mm\u00e4stell\u00e4 sen sitkeytt\u00e4. Vanhojen sypressien keskell\u00e4 tuuli humisee satojen vuosien takaisia tarinoitaan. Tuhatvuotiset muurit huokuvat historiaa.<\/p>\n\n\n\n<p>Toivaset toivovat t\u00e4m\u00e4n kirjan tuovan iloa ja intoa etsi\u00e4 uusia n\u00e4k\u00f6kulmia Italiassa matkustaville.<\/p>\n\n\n\n<p>Mit\u00e4 pitemm\u00e4lle mereen kahlaa, sit\u00e4 syvemm\u00e4lle joutuu. (Goethe Roomassa&nbsp;1787)<\/p>\n\n\n\n<figure class=\"wp-block-table is-style-stripes\"><table><tbody><tr><th class=\"has-text-align-left\" data-align=\"left\">Nimi<\/th><td class=\"has-text-align-left\" data-align=\"left\">Italiaa ristiin rastiin, Goethen kannoilla matkakirja<\/td><\/tr><tr><th class=\"has-text-align-left\" data-align=\"left\">Kirjailija<\/th><td class=\"has-text-align-left\" data-align=\"left\">Pirjo ja Reijo Toivanen<\/td><\/tr><tr><th class=\"has-text-align-left\" data-align=\"left\">ISBN<\/th><td class=\"has-text-align-left\" data-align=\"left\">978-952-7369-13-5<\/td><\/tr><tr><th class=\"has-text-align-left\" data-align=\"left\">Tuotantovuosi<\/th><td class=\"has-text-align-left\" data-align=\"left\">2023<\/td><\/tr><tr><th class=\"has-text-align-left\" data-align=\"left\">Sivum\u00e4\u00e4r\u00e4<\/th><td class=\"has-text-align-left\" data-align=\"left\">264<\/td><\/tr><tr><th class=\"has-text-align-left\" data-align=\"left\">Hinta<\/th><td class=\"has-text-align-left\" data-align=\"left\">35,00<\/td><\/tr><tr><th class=\"has-text-align-left\" data-align=\"left\">Sidosasu<\/th><td class=\"has-text-align-left\" data-align=\"left\">sidottu<\/td><\/tr><\/tbody><\/table><\/figure>\n\n\n\n<div class=\"wp-block-buttons is-layout-flex wp-block-buttons-is-layout-flex\">\n<div class=\"wp-block-button is-style-outline is-style-outline--1\"><a class=\"wp-block-button__link has-palette-color-9-color has-text-color has-link-color wp-element-button\">Osta t\u00e4st\u00e4<\/a><\/div>\n<\/div>\n","protected":false},"excerpt":{"rendered":"<p>Pirjo ja Reijo Toivanen ovat asuneet Italiassa vuodesta 2008 l\u00e4htien. Rakkaus maahan syttyi Gardaj\u00e4rvell\u00e4 kes\u00e4isen\u00e4 aamuna vuonna 1989, kun he olivat ajamassa yst\u00e4vien luokse Toscanaan.Johann Wolfgang von Goethe teki&nbsp;Grand tour&nbsp;-matkan vuosina 1786-1788 Italian niemimaan halki. Vuonna 1992 julkaistu Sinikka Kallion suomentama yhteenveto Goethen matkasta innosti Toivasia seuraamaan suurmiehen jalanj\u00e4lki\u00e4 pohjoisesta etel\u00e4\u00e4n. Syntyi teos, jossa kuvin [&hellip;]<\/p>\n","protected":false},"author":1,"featured_media":0,"parent":0,"menu_order":0,"comment_status":"closed","ping_status":"closed","template":"","meta":{"footnotes":""},"class_list":["post-471","page","type-page","status-publish","hentry"],"blocksy_meta":[],"_links":{"self":[{"href":"https:\/\/testi.stresa.fi\/index.php\/wp-json\/wp\/v2\/pages\/471","targetHints":{"allow":["GET"]}}],"collection":[{"href":"https:\/\/testi.stresa.fi\/index.php\/wp-json\/wp\/v2\/pages"}],"about":[{"href":"https:\/\/testi.stresa.fi\/index.php\/wp-json\/wp\/v2\/types\/page"}],"author":[{"embeddable":true,"href":"https:\/\/testi.stresa.fi\/index.php\/wp-json\/wp\/v2\/users\/1"}],"replies":[{"embeddable":true,"href":"https:\/\/testi.stresa.fi\/index.php\/wp-json\/wp\/v2\/comments?post=471"}],"version-history":[{"count":2,"href":"https:\/\/testi.stresa.fi\/index.php\/wp-json\/wp\/v2\/pages\/471\/revisions"}],"predecessor-version":[{"id":474,"href":"https:\/\/testi.stresa.fi\/index.php\/wp-json\/wp\/v2\/pages\/471\/revisions\/474"}],"wp:attachment":[{"href":"https:\/\/testi.stresa.fi\/index.php\/wp-json\/wp\/v2\/media?parent=471"}],"curies":[{"name":"wp","href":"https:\/\/api.w.org\/{rel}","templated":true}]}}