{"id":488,"date":"2026-04-11T20:14:53","date_gmt":"2026-04-11T20:14:53","guid":{"rendered":"https:\/\/testi.stresa.fi\/?page_id=488"},"modified":"2026-04-11T20:14:54","modified_gmt":"2026-04-11T20:14:54","slug":"pirjo-toivanen-pyha-paha-perhe","status":"publish","type":"page","link":"https:\/\/testi.stresa.fi\/index.php\/pirjo-toivanen-pyha-paha-perhe\/","title":{"rendered":"Pirjo Toivanen, Pyh\u00e4 paha\u00a0perhe"},"content":{"rendered":"\n<figure class=\"wp-block-image size-full\"><img loading=\"lazy\" decoding=\"async\" width=\"215\" height=\"313\" src=\"https:\/\/testi.stresa.fi\/wp-content\/uploads\/2026\/03\/pyha_paha_perhe_kansi.png\" alt=\"\" class=\"wp-image-30\" srcset=\"https:\/\/testi.stresa.fi\/wp-content\/uploads\/2026\/03\/pyha_paha_perhe_kansi.png 215w, https:\/\/testi.stresa.fi\/wp-content\/uploads\/2026\/03\/pyha_paha_perhe_kansi-206x300.png 206w\" sizes=\"auto, (max-width: 215px) 100vw, 215px\" \/><\/figure>\n\n\n\n<p>Mirja on Helsingin Kaupunginteatterin n\u00e4yttelij\u00e4 ja asuu Helsingin Kalliossa. Vapaailtoina h\u00e4n katselee poikansa Markon kanssa videoita tai l\u00e4ksyjen lomassa he arvailevat kilpaa kuinka moneen h\u00e4lytykseen paloasema her\u00e4\u00e4. Markon is\u00e4st\u00e4 Mirja otti eron jo kauan ennen kuin p\u00e4\u00e4ministeri Aho s\u00f6i sanansa ja iski markalle kaksi per\u00e4kk\u00e4ist\u00e4 devalvaatiota. Niill\u00e4 on vain v\u00e4h\u00e4n vaikutusta Mirjan el\u00e4m\u00e4\u00e4n ennen kuin h\u00e4n kohtaa vaikeuksiin joutuneen yritt\u00e4j\u00e4n. Kun pasmat ovat jo valmiiksi sekaisin, Mirja joutuu perhehistorian py\u00f6rteisiin.<br>Mirja el\u00e4\u00e4 n\u00e4ytt\u00e4m\u00f6ll\u00e4 ne tunteet, jotka h\u00e4n tosiel\u00e4m\u00e4ss\u00e4 yritt\u00e4\u00e4 sivuuttaa. Myllerrys alkaa kun h\u00e4n joutuu juuri ennen ensi-iltaa hammasl\u00e4\u00e4k\u00e4riin. Mies on muutenkin mukava, mutta h\u00e4nen kaikki yst\u00e4v\u00e4ns\u00e4 eiv\u00e4t ole. Kun Mirja kaivaa omaa menneisyytt\u00e4\u00e4n, esille nousee outoja yhteensattumia.<\/p>\n\n\n\n<p><strong>Pyh\u00e4 paha perhe<\/strong>&nbsp;kertoo unelmista ja etsimisest\u00e4 sek\u00e4 perheen merkityksest\u00e4 vaikka ajoittain vaivaa ep\u00e4usko ja eripura.<\/p>\n\n\n\n<p><em>Mik\u00e4\u00e4n ei el\u00e4m\u00e4ss\u00e4 ole suoraviivaista.<\/em><\/p>\n\n\n\n<figure class=\"wp-block-table is-style-stripes\"><table><tbody><tr><th class=\"has-text-align-left\" data-align=\"left\">Nimi<\/th><td class=\"has-text-align-left\" data-align=\"left\">Pyh\u00e4 paha perhe, e-kirja, romaani<\/td><\/tr><tr><th class=\"has-text-align-left\" data-align=\"left\">Kirjailija<\/th><td class=\"has-text-align-left\" data-align=\"left\">Toivanen,&nbsp;Pirjo<\/td><\/tr><tr><th class=\"has-text-align-left\" data-align=\"left\">ISBN<\/th><td class=\"has-text-align-left\" data-align=\"left\">9789526877136<\/td><\/tr><tr><th class=\"has-text-align-left\" data-align=\"left\">Tuotantovuosi<\/th><td class=\"has-text-align-left\" data-align=\"left\">2023<\/td><\/tr><tr><th class=\"has-text-align-left\" data-align=\"left\">Hinta<\/th><td class=\"has-text-align-left\" data-align=\"left\">6,75 \u20ac<\/td><\/tr><\/tbody><\/table><\/figure>\n\n\n\n<div class=\"wp-block-buttons is-layout-flex wp-block-buttons-is-layout-flex\">\n<div class=\"wp-block-button is-style-outline is-style-outline--1\"><a class=\"wp-block-button__link has-palette-color-9-color has-text-color has-link-color wp-element-button\">Osta t\u00e4st\u00e4<\/a><\/div>\n<\/div>\n","protected":false},"excerpt":{"rendered":"<p>Mirja on Helsingin Kaupunginteatterin n\u00e4yttelij\u00e4 ja asuu Helsingin Kalliossa. Vapaailtoina h\u00e4n katselee poikansa Markon kanssa videoita tai l\u00e4ksyjen lomassa he arvailevat kilpaa kuinka moneen h\u00e4lytykseen paloasema her\u00e4\u00e4. Markon is\u00e4st\u00e4 Mirja otti eron jo kauan ennen kuin p\u00e4\u00e4ministeri Aho s\u00f6i sanansa ja iski markalle kaksi per\u00e4kk\u00e4ist\u00e4 devalvaatiota. Niill\u00e4 on vain v\u00e4h\u00e4n vaikutusta Mirjan el\u00e4m\u00e4\u00e4n ennen kuin [&hellip;]<\/p>\n","protected":false},"author":1,"featured_media":0,"parent":0,"menu_order":0,"comment_status":"closed","ping_status":"closed","template":"","meta":{"footnotes":""},"class_list":["post-488","page","type-page","status-publish","hentry"],"blocksy_meta":[],"_links":{"self":[{"href":"https:\/\/testi.stresa.fi\/index.php\/wp-json\/wp\/v2\/pages\/488","targetHints":{"allow":["GET"]}}],"collection":[{"href":"https:\/\/testi.stresa.fi\/index.php\/wp-json\/wp\/v2\/pages"}],"about":[{"href":"https:\/\/testi.stresa.fi\/index.php\/wp-json\/wp\/v2\/types\/page"}],"author":[{"embeddable":true,"href":"https:\/\/testi.stresa.fi\/index.php\/wp-json\/wp\/v2\/users\/1"}],"replies":[{"embeddable":true,"href":"https:\/\/testi.stresa.fi\/index.php\/wp-json\/wp\/v2\/comments?post=488"}],"version-history":[{"count":1,"href":"https:\/\/testi.stresa.fi\/index.php\/wp-json\/wp\/v2\/pages\/488\/revisions"}],"predecessor-version":[{"id":490,"href":"https:\/\/testi.stresa.fi\/index.php\/wp-json\/wp\/v2\/pages\/488\/revisions\/490"}],"wp:attachment":[{"href":"https:\/\/testi.stresa.fi\/index.php\/wp-json\/wp\/v2\/media?parent=488"}],"curies":[{"name":"wp","href":"https:\/\/api.w.org\/{rel}","templated":true}]}}