{"id":491,"date":"2026-04-11T20:17:27","date_gmt":"2026-04-11T20:17:27","guid":{"rendered":"https:\/\/testi.stresa.fi\/?page_id=491"},"modified":"2026-04-11T20:17:27","modified_gmt":"2026-04-11T20:17:27","slug":"pirjo-toivanen-rooleja-vai-rakkautta","status":"publish","type":"page","link":"https:\/\/testi.stresa.fi\/index.php\/pirjo-toivanen-rooleja-vai-rakkautta\/","title":{"rendered":"Pirjo Toivanen, Rooleja vai rakkautta"},"content":{"rendered":"\n<figure class=\"wp-block-image size-large is-resized\"><img loading=\"lazy\" decoding=\"async\" width=\"671\" height=\"1024\" src=\"https:\/\/testi.stresa.fi\/wp-content\/uploads\/2026\/03\/9789527369128-671x1024.jpg\" alt=\"\" class=\"wp-image-15\" style=\"width:auto;height:400px\" srcset=\"https:\/\/testi.stresa.fi\/wp-content\/uploads\/2026\/03\/9789527369128-671x1024.jpg 671w, https:\/\/testi.stresa.fi\/wp-content\/uploads\/2026\/03\/9789527369128-196x300.jpg 196w, https:\/\/testi.stresa.fi\/wp-content\/uploads\/2026\/03\/9789527369128-768x1173.jpg 768w, https:\/\/testi.stresa.fi\/wp-content\/uploads\/2026\/03\/9789527369128-1006x1536.jpg 1006w, https:\/\/testi.stresa.fi\/wp-content\/uploads\/2026\/03\/9789527369128-1341x2048.jpg 1341w, https:\/\/testi.stresa.fi\/wp-content\/uploads\/2026\/03\/9789527369128.jpg 1546w\" sizes=\"auto, (max-width: 671px) 100vw, 671px\" \/><\/figure>\n\n\n\n<p>Kes\u00e4 2012 on helteinen. Viisikymppinen n\u00e4yttelij\u00e4 Mirja Mustasaari teki edellisen\u00e4 kes\u00e4n\u00e4 rohkean siirron ja asuu Milanossa. Mummorooli TV-sarjassa ei ole ihan sit\u00e4 mist\u00e4 h\u00e4n haaveili eik\u00e4 h\u00e4n olisi kuvitellut joutuvansa harkitsemaan roolia mainoksessa. Se johdattaa Mirjan kes\u00e4juhliin, jossa h\u00e4n kohtaa Kuubassa syntyneen ja Palermossa varttuneen Giancarlon. Mirja rakastuu mieheen siit\u00e4 huolimatta, ett\u00e4 ep\u00e4ilytt\u00e4vi\u00e4 seikkoja nousee esille heti ensitreffeill\u00e4.<br>Mirjan poika tulee lomalle tytt\u00f6yst\u00e4v\u00e4ns\u00e4 kanssa ja huolestuu Carlon oudoista yhteyksist\u00e4 v\u00e4hint\u00e4\u00e4n yht\u00e4 paljon kuin t\u00e4tins\u00e4, jonka huvilalle Stresaan perhe kokoontuu. Kun Carlon ty\u00f6matka Havannaan pitkittyy, Mirja joutuu miettim\u00e4\u00e4n mik\u00e4 on t\u00e4rkeint\u00e4 el\u00e4m\u00e4ss\u00e4.<\/p>\n\n\n\n<p>Pirjo Toivasen kolmas romaani seuraa kahden edellisen teemoja adoptiosta, perhesuhteista ja l\u00e4heisten merkityksest\u00e4.<\/p>\n\n\n\n<figure class=\"wp-block-table is-style-stripes\"><table><tbody><tr><th class=\"has-text-align-left\" data-align=\"left\">Nimi<\/th><td class=\"has-text-align-left\" data-align=\"left\">Rooleja vai rakkautta romaani<\/td><\/tr><tr><th class=\"has-text-align-left\" data-align=\"left\">Kirjailija<\/th><td class=\"has-text-align-left\" data-align=\"left\">Pirjo Toivanen<\/td><\/tr><tr><th class=\"has-text-align-left\" data-align=\"left\">ISBN<\/th><td class=\"has-text-align-left\" data-align=\"left\">978-952-7369-12-8<\/td><\/tr><tr><th class=\"has-text-align-left\" data-align=\"left\">Tuotantovuosi<\/th><td class=\"has-text-align-left\" data-align=\"left\">2022<\/td><\/tr><tr><th class=\"has-text-align-left\" data-align=\"left\">Sivum\u00e4\u00e4r\u00e4<\/th><td class=\"has-text-align-left\" data-align=\"left\">267<\/td><\/tr><tr><th class=\"has-text-align-left\" data-align=\"left\">Hinta<\/th><td class=\"has-text-align-left\" data-align=\"left\">19,80<\/td><\/tr><tr><th class=\"has-text-align-left\" data-align=\"left\">Sidosasu<\/th><td class=\"has-text-align-left\" data-align=\"left\">nidottu<\/td><\/tr><\/tbody><\/table><\/figure>\n\n\n\n<div class=\"wp-block-buttons is-layout-flex wp-block-buttons-is-layout-flex\">\n<div class=\"wp-block-button is-style-outline is-style-outline--1\"><a class=\"wp-block-button__link has-palette-color-9-color has-text-color has-link-color wp-element-button\">Osta t\u00e4st\u00e4<\/a><\/div>\n<\/div>\n","protected":false},"excerpt":{"rendered":"<p>Kes\u00e4 2012 on helteinen. Viisikymppinen n\u00e4yttelij\u00e4 Mirja Mustasaari teki edellisen\u00e4 kes\u00e4n\u00e4 rohkean siirron ja asuu Milanossa. Mummorooli TV-sarjassa ei ole ihan sit\u00e4 mist\u00e4 h\u00e4n haaveili eik\u00e4 h\u00e4n olisi kuvitellut joutuvansa harkitsemaan roolia mainoksessa. Se johdattaa Mirjan kes\u00e4juhliin, jossa h\u00e4n kohtaa Kuubassa syntyneen ja Palermossa varttuneen Giancarlon. Mirja rakastuu mieheen siit\u00e4 huolimatta, ett\u00e4 ep\u00e4ilytt\u00e4vi\u00e4 seikkoja nousee [&hellip;]<\/p>\n","protected":false},"author":1,"featured_media":0,"parent":0,"menu_order":0,"comment_status":"closed","ping_status":"closed","template":"","meta":{"footnotes":""},"class_list":["post-491","page","type-page","status-publish","hentry"],"blocksy_meta":[],"_links":{"self":[{"href":"https:\/\/testi.stresa.fi\/index.php\/wp-json\/wp\/v2\/pages\/491","targetHints":{"allow":["GET"]}}],"collection":[{"href":"https:\/\/testi.stresa.fi\/index.php\/wp-json\/wp\/v2\/pages"}],"about":[{"href":"https:\/\/testi.stresa.fi\/index.php\/wp-json\/wp\/v2\/types\/page"}],"author":[{"embeddable":true,"href":"https:\/\/testi.stresa.fi\/index.php\/wp-json\/wp\/v2\/users\/1"}],"replies":[{"embeddable":true,"href":"https:\/\/testi.stresa.fi\/index.php\/wp-json\/wp\/v2\/comments?post=491"}],"version-history":[{"count":1,"href":"https:\/\/testi.stresa.fi\/index.php\/wp-json\/wp\/v2\/pages\/491\/revisions"}],"predecessor-version":[{"id":493,"href":"https:\/\/testi.stresa.fi\/index.php\/wp-json\/wp\/v2\/pages\/491\/revisions\/493"}],"wp:attachment":[{"href":"https:\/\/testi.stresa.fi\/index.php\/wp-json\/wp\/v2\/media?parent=491"}],"curies":[{"name":"wp","href":"https:\/\/api.w.org\/{rel}","templated":true}]}}