{"id":498,"date":"2026-04-11T20:28:02","date_gmt":"2026-04-11T20:28:02","guid":{"rendered":"https:\/\/testi.stresa.fi\/?page_id=498"},"modified":"2026-04-11T20:28:03","modified_gmt":"2026-04-11T20:28:03","slug":"siru-aura-myotajaiset","status":"publish","type":"page","link":"https:\/\/testi.stresa.fi\/index.php\/siru-aura-myotajaiset\/","title":{"rendered":"Siru Aura, My\u00f6t\u00e4j\u00e4iset"},"content":{"rendered":"\n<figure class=\"wp-block-image size-large is-resized\"><img loading=\"lazy\" decoding=\"async\" width=\"717\" height=\"1024\" src=\"https:\/\/testi.stresa.fi\/wp-content\/uploads\/2026\/03\/SiruAura_Myotajaiset-717x1024.jpg\" alt=\"\" class=\"wp-image-33\" style=\"width:auto;height:400px\" srcset=\"https:\/\/testi.stresa.fi\/wp-content\/uploads\/2026\/03\/SiruAura_Myotajaiset-717x1024.jpg 717w, https:\/\/testi.stresa.fi\/wp-content\/uploads\/2026\/03\/SiruAura_Myotajaiset-210x300.jpg 210w, https:\/\/testi.stresa.fi\/wp-content\/uploads\/2026\/03\/SiruAura_Myotajaiset-768x1097.jpg 768w, https:\/\/testi.stresa.fi\/wp-content\/uploads\/2026\/03\/SiruAura_Myotajaiset-1075x1536.jpg 1075w, https:\/\/testi.stresa.fi\/wp-content\/uploads\/2026\/03\/SiruAura_Myotajaiset-1434x2048.jpg 1434w, https:\/\/testi.stresa.fi\/wp-content\/uploads\/2026\/03\/SiruAura_Myotajaiset.jpg 1737w\" sizes=\"auto, (max-width: 717px) 100vw, 717px\" \/><\/figure>\n\n\n\n<p>Kolmen erilaisen naisen yhteen kietoutuvat tarinat intialaisessa suurkaupungissa ja my\u00f6t\u00e4j\u00e4iset, joista kaikki&nbsp;alkaa.<br>El\u00e4m\u00e4n pettymyst\u00e4 k\u00e4sittelev\u00e4lle Anulle my\u00f6t\u00e4j\u00e4iset n\u00e4ytt\u00e4ytyv\u00e4t mahdollisuutena kiinnostavaan antropologiseen v\u00e4it\u00f6stutkimukseen. My\u00f6t\u00e4j\u00e4iset \u2013 tai niiden puute \u2013 mullistavat intialaisen Taarinin el\u00e4m\u00e4n. H\u00e4n ei aio en\u00e4\u00e4 vaieta, vaan haluaa oikeutta. My\u00f6s intialaisen naisj\u00e4rjest\u00f6n aktivisti Rathamma taistelee my\u00f6t\u00e4j\u00e4isi\u00e4 ja my\u00f6t\u00e4j\u00e4ismurhia vastaan osana kutsumustaan kaikkien intialaisnaisten puolesta. He kaikki k\u00e4rsiv\u00e4t syyllisyydest\u00e4, mutta p\u00e4\u00e4tt\u00e4v\u00e4t ottaa el\u00e4m\u00e4n ohjat omiin k\u00e4siins\u00e4. Selviyty\u00e4kseen el\u00e4m\u00e4nteht\u00e4vist\u00e4\u00e4n heid\u00e4n on voitettava my\u00f6s itsens\u00e4.<\/p>\n\n\n\n<p>My\u00f6t\u00e4j\u00e4iset-romaani vie lukijan intialaiseen arkeen, perheiden ristiriitoihin sek\u00e4 naisten sitke\u00e4\u00e4n kamppailuun el\u00e4m\u00e4ns\u00e4 parantamiseksi. Juoni kuljettaa kohti syvempi\u00e4 teemoja oikeudenmukaisuuden, yhteyden ja rakkauden kaipuusta.<\/p>\n\n\n\n<figure class=\"wp-block-table is-style-stripes\"><table><tbody><tr><th class=\"has-text-align-left\" data-align=\"left\">Nimi<\/th><td class=\"has-text-align-left\" data-align=\"left\">My\u00f6t\u00e4j\u00e4iset, romaani<\/td><\/tr><tr><th class=\"has-text-align-left\" data-align=\"left\">Kirjailija<\/th><td class=\"has-text-align-left\" data-align=\"left\">Siru Aura<\/td><\/tr><tr><th class=\"has-text-align-left\" data-align=\"left\">ISBN<\/th><td class=\"has-text-align-left\" data-align=\"left\">978-952-7369-09-8<\/td><\/tr><tr><th class=\"has-text-align-left\" data-align=\"left\">Tuotantovuosi<\/th><td class=\"has-text-align-left\" data-align=\"left\">2022<\/td><\/tr><tr><th class=\"has-text-align-left\" data-align=\"left\">Sivum\u00e4\u00e4r\u00e4<\/th><td class=\"has-text-align-left\" data-align=\"left\">288<\/td><\/tr><tr><th class=\"has-text-align-left\" data-align=\"left\">Hinta<\/th><td class=\"has-text-align-left\" data-align=\"left\">21<\/td><\/tr><tr><th class=\"has-text-align-left\" data-align=\"left\">Sidosasu<\/th><td class=\"has-text-align-left\" data-align=\"left\">nidottu<\/td><\/tr><\/tbody><\/table><\/figure>\n\n\n\n<div class=\"wp-block-buttons is-layout-flex wp-block-buttons-is-layout-flex\">\n<div class=\"wp-block-button is-style-outline is-style-outline--1\"><a class=\"wp-block-button__link has-palette-color-9-color has-text-color has-link-color wp-element-button\">Osta t\u00e4st\u00e4<\/a><\/div>\n<\/div>\n","protected":false},"excerpt":{"rendered":"<p>Kolmen erilaisen naisen yhteen kietoutuvat tarinat intialaisessa suurkaupungissa ja my\u00f6t\u00e4j\u00e4iset, joista kaikki&nbsp;alkaa.El\u00e4m\u00e4n pettymyst\u00e4 k\u00e4sittelev\u00e4lle Anulle my\u00f6t\u00e4j\u00e4iset n\u00e4ytt\u00e4ytyv\u00e4t mahdollisuutena kiinnostavaan antropologiseen v\u00e4it\u00f6stutkimukseen. My\u00f6t\u00e4j\u00e4iset \u2013 tai niiden puute \u2013 mullistavat intialaisen Taarinin el\u00e4m\u00e4n. H\u00e4n ei aio en\u00e4\u00e4 vaieta, vaan haluaa oikeutta. My\u00f6s intialaisen naisj\u00e4rjest\u00f6n aktivisti Rathamma taistelee my\u00f6t\u00e4j\u00e4isi\u00e4 ja my\u00f6t\u00e4j\u00e4ismurhia vastaan osana kutsumustaan kaikkien intialaisnaisten puolesta. He [&hellip;]<\/p>\n","protected":false},"author":1,"featured_media":0,"parent":0,"menu_order":0,"comment_status":"closed","ping_status":"closed","template":"","meta":{"footnotes":""},"class_list":["post-498","page","type-page","status-publish","hentry"],"blocksy_meta":[],"_links":{"self":[{"href":"https:\/\/testi.stresa.fi\/index.php\/wp-json\/wp\/v2\/pages\/498","targetHints":{"allow":["GET"]}}],"collection":[{"href":"https:\/\/testi.stresa.fi\/index.php\/wp-json\/wp\/v2\/pages"}],"about":[{"href":"https:\/\/testi.stresa.fi\/index.php\/wp-json\/wp\/v2\/types\/page"}],"author":[{"embeddable":true,"href":"https:\/\/testi.stresa.fi\/index.php\/wp-json\/wp\/v2\/users\/1"}],"replies":[{"embeddable":true,"href":"https:\/\/testi.stresa.fi\/index.php\/wp-json\/wp\/v2\/comments?post=498"}],"version-history":[{"count":1,"href":"https:\/\/testi.stresa.fi\/index.php\/wp-json\/wp\/v2\/pages\/498\/revisions"}],"predecessor-version":[{"id":500,"href":"https:\/\/testi.stresa.fi\/index.php\/wp-json\/wp\/v2\/pages\/498\/revisions\/500"}],"wp:attachment":[{"href":"https:\/\/testi.stresa.fi\/index.php\/wp-json\/wp\/v2\/media?parent=498"}],"curies":[{"name":"wp","href":"https:\/\/api.w.org\/{rel}","templated":true}]}}