{"id":507,"date":"2026-04-12T15:23:50","date_gmt":"2026-04-12T15:23:50","guid":{"rendered":"https:\/\/testi.stresa.fi\/?page_id=507"},"modified":"2026-04-12T15:23:50","modified_gmt":"2026-04-12T15:23:50","slug":"tero-seppanen-suruttomat-urut","status":"publish","type":"page","link":"https:\/\/testi.stresa.fi\/index.php\/tero-seppanen-suruttomat-urut\/","title":{"rendered":"Tero Sepp\u00e4nen, Suruttomat urut"},"content":{"rendered":"\n<figure class=\"wp-block-image size-large is-resized\"><img loading=\"lazy\" decoding=\"async\" width=\"692\" height=\"1024\" src=\"https:\/\/testi.stresa.fi\/wp-content\/uploads\/2026\/03\/suruttomaturut_etukansi-2-692x1024.jpg\" alt=\"\" class=\"wp-image-34\" style=\"width:auto;height:400px\" srcset=\"https:\/\/testi.stresa.fi\/wp-content\/uploads\/2026\/03\/suruttomaturut_etukansi-2-692x1024.jpg 692w, https:\/\/testi.stresa.fi\/wp-content\/uploads\/2026\/03\/suruttomaturut_etukansi-2-203x300.jpg 203w, https:\/\/testi.stresa.fi\/wp-content\/uploads\/2026\/03\/suruttomaturut_etukansi-2.jpg 755w\" sizes=\"auto, (max-width: 692px) 100vw, 692px\" \/><\/figure>\n\n\n\n<p>\u201dTaakse j\u00e4\u00e4 lapsuuskoti. Kuljetaan ohitse kiviveist\u00e4m\u00f6n ja hautuumaan, kohti keskikaupunkia ja l\u00e4hemm\u00e4s is\u00e4n ty\u00f6paikkaa. Hautuumaalla joutuu kiven alle ellei el\u00e4ess\u00e4\u00e4n niin sitten kuoltuaan. Vatsaan koskee ja heilutan jalkoja penkki\u00e4 vasten. Tekee mieli hyppi\u00e4. Penkin pinta on kiilt\u00e4v\u00e4ksi kulunut ja se vie minua eteenp\u00e4in, kun kuski jarruttaa. Auton kiihdytt\u00e4ess\u00e4 menen taaksep\u00e4in. Jalat eiv\u00e4t yll\u00e4 lattiaan. Ohjaamon takasein\u00e4ss\u00e4 on pieni kalteri-ikkuna ja siit\u00e4 n\u00e4kyy lavan etureuna. Kiv\u00e4\u00e4ri on sen takana.\u201d<br>Mikon el\u00e4m\u00e4ss\u00e4 on alkamassa uusi vaihe, kun perhe muuttaa ja Mikko sen mukana. Kirjan teemat, poikien yst\u00e4vyys, kasvu ja selviytyminen, rajautuvat uskonnollisen yhteis\u00f6n, perhev\u00e4kivallan, oikeudenk\u00e4ynnin ja vankilan muurien muodostamaan neli\u00f6\u00f6n. Kirjoittaja kuljettaa tarinaa useilla tasoilla, joiden tumman vakavuuden l\u00e4vist\u00e4v\u00e4t huumorin s\u00e4teet.<\/p>\n\n\n\n<p>Taustalla soivat suruttomat&nbsp;urut.<\/p>\n\n\n\n<figure class=\"wp-block-table is-style-stripes\"><table><tbody><tr><th class=\"has-text-align-left\" data-align=\"left\">Nimi<\/th><td class=\"has-text-align-left\" data-align=\"left\">Suruttomat&nbsp;urut<\/td><\/tr><tr><th class=\"has-text-align-left\" data-align=\"left\">Kirjailija<\/th><td class=\"has-text-align-left\" data-align=\"left\">Tero Sepp\u00e4nen<\/td><\/tr><tr><th class=\"has-text-align-left\" data-align=\"left\">ISBN<\/th><td class=\"has-text-align-left\" data-align=\"left\">978-952-68772-9-7<\/td><\/tr><tr><th class=\"has-text-align-left\" data-align=\"left\">Tuotantovuosi<\/th><td class=\"has-text-align-left\" data-align=\"left\">2019<\/td><\/tr><tr><th class=\"has-text-align-left\" data-align=\"left\">Sivum\u00e4\u00e4r\u00e4<\/th><td class=\"has-text-align-left\" data-align=\"left\">159<\/td><\/tr><tr><th class=\"has-text-align-left\" data-align=\"left\">Hinta<\/th><td class=\"has-text-align-left\" data-align=\"left\">19,80<\/td><\/tr><tr><th class=\"has-text-align-left\" data-align=\"left\">Sidosasu<\/th><td class=\"has-text-align-left\" data-align=\"left\">nidottu<\/td><\/tr><\/tbody><\/table><\/figure>\n\n\n\n<div class=\"wp-block-buttons is-layout-flex wp-block-buttons-is-layout-flex\">\n<div class=\"wp-block-button is-style-outline is-style-outline--1\"><a class=\"wp-block-button__link has-palette-color-9-color has-text-color has-link-color wp-element-button\">Osta t\u00e4st\u00e4<\/a><\/div>\n<\/div>\n","protected":false},"excerpt":{"rendered":"<p>\u201dTaakse j\u00e4\u00e4 lapsuuskoti. Kuljetaan ohitse kiviveist\u00e4m\u00f6n ja hautuumaan, kohti keskikaupunkia ja l\u00e4hemm\u00e4s is\u00e4n ty\u00f6paikkaa. Hautuumaalla joutuu kiven alle ellei el\u00e4ess\u00e4\u00e4n niin sitten kuoltuaan. Vatsaan koskee ja heilutan jalkoja penkki\u00e4 vasten. Tekee mieli hyppi\u00e4. Penkin pinta on kiilt\u00e4v\u00e4ksi kulunut ja se vie minua eteenp\u00e4in, kun kuski jarruttaa. Auton kiihdytt\u00e4ess\u00e4 menen taaksep\u00e4in. Jalat eiv\u00e4t yll\u00e4 lattiaan. Ohjaamon [&hellip;]<\/p>\n","protected":false},"author":1,"featured_media":0,"parent":0,"menu_order":0,"comment_status":"closed","ping_status":"closed","template":"","meta":{"footnotes":""},"class_list":["post-507","page","type-page","status-publish","hentry"],"blocksy_meta":[],"_links":{"self":[{"href":"https:\/\/testi.stresa.fi\/index.php\/wp-json\/wp\/v2\/pages\/507","targetHints":{"allow":["GET"]}}],"collection":[{"href":"https:\/\/testi.stresa.fi\/index.php\/wp-json\/wp\/v2\/pages"}],"about":[{"href":"https:\/\/testi.stresa.fi\/index.php\/wp-json\/wp\/v2\/types\/page"}],"author":[{"embeddable":true,"href":"https:\/\/testi.stresa.fi\/index.php\/wp-json\/wp\/v2\/users\/1"}],"replies":[{"embeddable":true,"href":"https:\/\/testi.stresa.fi\/index.php\/wp-json\/wp\/v2\/comments?post=507"}],"version-history":[{"count":1,"href":"https:\/\/testi.stresa.fi\/index.php\/wp-json\/wp\/v2\/pages\/507\/revisions"}],"predecessor-version":[{"id":509,"href":"https:\/\/testi.stresa.fi\/index.php\/wp-json\/wp\/v2\/pages\/507\/revisions\/509"}],"wp:attachment":[{"href":"https:\/\/testi.stresa.fi\/index.php\/wp-json\/wp\/v2\/media?parent=507"}],"curies":[{"name":"wp","href":"https:\/\/api.w.org\/{rel}","templated":true}]}}