{"id":510,"date":"2026-04-12T15:26:04","date_gmt":"2026-04-12T15:26:04","guid":{"rendered":"https:\/\/testi.stresa.fi\/?page_id=510"},"modified":"2026-04-12T15:26:04","modified_gmt":"2026-04-12T15:26:04","slug":"tero-seppanen-syoksyvirtauksia","status":"publish","type":"page","link":"https:\/\/testi.stresa.fi\/index.php\/tero-seppanen-syoksyvirtauksia\/","title":{"rendered":"Tero Sepp\u00e4nen, Sy\u00f6ksyvirtauksia"},"content":{"rendered":"\n<figure class=\"wp-block-image size-full is-resized\"><img loading=\"lazy\" decoding=\"async\" width=\"215\" height=\"313\" src=\"https:\/\/testi.stresa.fi\/wp-content\/uploads\/2026\/03\/syoksyvirtauksia_kansi.png\" alt=\"\" class=\"wp-image-35\" style=\"width:auto;height:400px\" srcset=\"https:\/\/testi.stresa.fi\/wp-content\/uploads\/2026\/03\/syoksyvirtauksia_kansi.png 215w, https:\/\/testi.stresa.fi\/wp-content\/uploads\/2026\/03\/syoksyvirtauksia_kansi-206x300.png 206w\" sizes=\"auto, (max-width: 215px) 100vw, 215px\" \/><\/figure>\n\n\n\n<p><em>Ylikonstaapeli Tauno K\u00e4ht\u00e4v\u00e4 koetti saada vuoron loppumaan Lovetun poliisipiirin p\u00e4ivystyshuoneessa. Onpa kuuma, ajatteli K\u00e4ht\u00e4v\u00e4. Paita liimautui ihoon ja hikil\u00e4isk\u00e4t levisiv\u00e4t. Poliisip\u00e4\u00e4llikk\u00f6 ei ollut antanut hankkia ilmastointilaitetta, vaikka kuumuutta oli jatkunut jo viikkotolkulla. Ei ole m\u00e4\u00e4r\u00e4rahoja. K\u00e4ht\u00e4v\u00e4 oli ostanut omilla rahoillaan halpahallista tuulettimen ja asentanut sen kattoon. Whop, whop, whop se vatkasi ilmaa, joka oli paksua kuin kiisseli. K\u00e4ht\u00e4v\u00e4 tosin piti enemm\u00e4n vispipuurosta, joskin siin\u00e4 oli haittansa, ja kallisti kankkuaan. Sy\u00f6ksyvirtaus iski takaisin tuolin vahakiilt\u00e4v\u00e4ksi kuluneesta kankaasta.<\/em><\/p>\n\n\n\n<p><em>Samanaikaisesti ovea tempoi kaunis nainen, mutta mihin h\u00e4n tarvitsi puuhkaa t\u00e4llaisella helteell\u00e4?<\/em><\/p>\n\n\n\n<figure class=\"wp-block-table is-style-stripes\"><table><tbody><tr><th class=\"has-text-align-left\" data-align=\"left\">Nimi<\/th><td class=\"has-text-align-left\" data-align=\"left\">Sy\u00f6ksyvirtauksia, novellikokoelma<\/td><\/tr><tr><th class=\"has-text-align-left\" data-align=\"left\">Kirjailija<\/th><td class=\"has-text-align-left\" data-align=\"left\">Sepp\u00e4nen,&nbsp;Tero<\/td><\/tr><tr><th class=\"has-text-align-left\" data-align=\"left\">ISBN<\/th><td class=\"has-text-align-left\" data-align=\"left\">978-952-68771-4-3<\/td><\/tr><tr><th class=\"has-text-align-left\" data-align=\"left\">Tuotantovuosi<\/th><td class=\"has-text-align-left\" data-align=\"left\">2017<\/td><\/tr><tr><th class=\"has-text-align-left\" data-align=\"left\">Sivum\u00e4\u00e4r\u00e4<\/th><td class=\"has-text-align-left\" data-align=\"left\">70<\/td><\/tr><tr><th class=\"has-text-align-left\" data-align=\"left\">Hinta<\/th><td class=\"has-text-align-left\" data-align=\"left\">19,80 \u20ac<\/td><\/tr><tr><th class=\"has-text-align-left\" data-align=\"left\">Sidosasu<\/th><td class=\"has-text-align-left\" data-align=\"left\">nidottu<\/td><\/tr><\/tbody><\/table><\/figure>\n\n\n\n<div class=\"wp-block-buttons is-layout-flex wp-block-buttons-is-layout-flex\">\n<div class=\"wp-block-button is-style-outline is-style-outline--1\"><a class=\"wp-block-button__link has-palette-color-9-color has-text-color has-link-color wp-element-button\">Osta t\u00e4st\u00e4<\/a><\/div>\n<\/div>\n","protected":false},"excerpt":{"rendered":"<p>Ylikonstaapeli Tauno K\u00e4ht\u00e4v\u00e4 koetti saada vuoron loppumaan Lovetun poliisipiirin p\u00e4ivystyshuoneessa. Onpa kuuma, ajatteli K\u00e4ht\u00e4v\u00e4. Paita liimautui ihoon ja hikil\u00e4isk\u00e4t levisiv\u00e4t. Poliisip\u00e4\u00e4llikk\u00f6 ei ollut antanut hankkia ilmastointilaitetta, vaikka kuumuutta oli jatkunut jo viikkotolkulla. Ei ole m\u00e4\u00e4r\u00e4rahoja. K\u00e4ht\u00e4v\u00e4 oli ostanut omilla rahoillaan halpahallista tuulettimen ja asentanut sen kattoon. Whop, whop, whop se vatkasi ilmaa, joka oli paksua [&hellip;]<\/p>\n","protected":false},"author":1,"featured_media":0,"parent":0,"menu_order":0,"comment_status":"closed","ping_status":"closed","template":"","meta":{"footnotes":""},"class_list":["post-510","page","type-page","status-publish","hentry"],"blocksy_meta":[],"_links":{"self":[{"href":"https:\/\/testi.stresa.fi\/index.php\/wp-json\/wp\/v2\/pages\/510","targetHints":{"allow":["GET"]}}],"collection":[{"href":"https:\/\/testi.stresa.fi\/index.php\/wp-json\/wp\/v2\/pages"}],"about":[{"href":"https:\/\/testi.stresa.fi\/index.php\/wp-json\/wp\/v2\/types\/page"}],"author":[{"embeddable":true,"href":"https:\/\/testi.stresa.fi\/index.php\/wp-json\/wp\/v2\/users\/1"}],"replies":[{"embeddable":true,"href":"https:\/\/testi.stresa.fi\/index.php\/wp-json\/wp\/v2\/comments?post=510"}],"version-history":[{"count":1,"href":"https:\/\/testi.stresa.fi\/index.php\/wp-json\/wp\/v2\/pages\/510\/revisions"}],"predecessor-version":[{"id":512,"href":"https:\/\/testi.stresa.fi\/index.php\/wp-json\/wp\/v2\/pages\/510\/revisions\/512"}],"wp:attachment":[{"href":"https:\/\/testi.stresa.fi\/index.php\/wp-json\/wp\/v2\/media?parent=510"}],"curies":[{"name":"wp","href":"https:\/\/api.w.org\/{rel}","templated":true}]}}