{"id":516,"date":"2026-04-12T15:34:05","date_gmt":"2026-04-12T15:34:05","guid":{"rendered":"https:\/\/testi.stresa.fi\/?page_id=516"},"modified":"2026-04-12T15:34:05","modified_gmt":"2026-04-12T15:34:05","slug":"maritta-hirvonen-ajan-kuohuista-yhteinen-savel-tampere-filharmonia-1930-2025","status":"publish","type":"page","link":"https:\/\/testi.stresa.fi\/index.php\/maritta-hirvonen-ajan-kuohuista-yhteinen-savel-tampere-filharmonia-1930-2025\/","title":{"rendered":"Maritta Hirvonen, Ajan kuohuista yhteinen s\u00e4vel \u2013 Tampere Filharmonia 1930-2025"},"content":{"rendered":"\n<figure class=\"wp-block-image size-large is-resized\"><img loading=\"lazy\" decoding=\"async\" width=\"1022\" height=\"1024\" src=\"https:\/\/testi.stresa.fi\/wp-content\/uploads\/2026\/03\/Kansikuva-Hirvonen-2-1022x1024.jpg\" alt=\"\" class=\"wp-image-22\" style=\"width:auto;height:400px\" srcset=\"https:\/\/testi.stresa.fi\/wp-content\/uploads\/2026\/03\/Kansikuva-Hirvonen-2-1022x1024.jpg 1022w, https:\/\/testi.stresa.fi\/wp-content\/uploads\/2026\/03\/Kansikuva-Hirvonen-2-300x300.jpg 300w, https:\/\/testi.stresa.fi\/wp-content\/uploads\/2026\/03\/Kansikuva-Hirvonen-2-150x150.jpg 150w, https:\/\/testi.stresa.fi\/wp-content\/uploads\/2026\/03\/Kansikuva-Hirvonen-2-768x769.jpg 768w, https:\/\/testi.stresa.fi\/wp-content\/uploads\/2026\/03\/Kansikuva-Hirvonen-2.jpg 1242w\" sizes=\"auto, (max-width: 1022px) 100vw, 1022px\" \/><\/figure>\n\n\n\n<p>Tampere Filharmonian historiikki on kertomus tehdaskaupungista, jolla oli unelma sinfoniaorkesterista. Unelma toteutui, mutta tehdaskaupunkia ei en\u00e4\u00e4 ole;\u00a0viimeinen kone Tampereen keskustan viimeisell\u00e4 tehtaalla sammui kes\u00e4kuussa 2025, kun Takon kartonkitehdas suljettiin.\u00a0<br>Vaikka orkesteri muuttuu, vastaa ajan uhkiin ja haasteisiin, sen perusteht\u00e4v\u00e4 ja toimintatavat pysyv\u00e4t. Sinfoniaorkesteri taidelaitoksena on parin vuosisadan aikana hioutunut timantti, jonka hienous on kyvyss\u00e4 luoda uutta, samalla kun se vaalii ja siirt\u00e4\u00e4 perinnett\u00e4.<br>Kirja kertoo my\u00f6s ty\u00f6st\u00e4 mik\u00e4 ei n\u00e4y yleis\u00f6lle, orkesterin arjesta lavalla ja sen takana.<\/p>\n\n\n\n<figure class=\"wp-block-table is-style-stripes\"><table><tbody><tr><th class=\"has-text-align-left\" data-align=\"left\">Nimi<\/th><td class=\"has-text-align-left\" data-align=\"left\">Ajan kuohuista yhteinen s\u00e4vel \u2013 Tampere Filharmonia 1930-2025, orkesterihistoriikki<\/td><\/tr><tr><th class=\"has-text-align-left\" data-align=\"left\">Kirjailija<\/th><td class=\"has-text-align-left\" data-align=\"left\">Maritta Hirvonen<\/td><\/tr><tr><th class=\"has-text-align-left\" data-align=\"left\">ISBN<\/th><td class=\"has-text-align-left\" data-align=\"left\">978-952-7369-16-6<\/td><\/tr><tr><th class=\"has-text-align-left\" data-align=\"left\">Tuotantovuosi<\/th><td class=\"has-text-align-left\" data-align=\"left\">2025<\/td><\/tr><tr><th class=\"has-text-align-left\" data-align=\"left\">Sivum\u00e4\u00e4r\u00e4<\/th><td class=\"has-text-align-left\" data-align=\"left\">244<\/td><\/tr><tr><th class=\"has-text-align-left\" data-align=\"left\">Hinta<\/th><td class=\"has-text-align-left\" data-align=\"left\">32,50<\/td><\/tr><tr><th class=\"has-text-align-left\" data-align=\"left\">Sidosasu<\/th><td class=\"has-text-align-left\" data-align=\"left\">nidottu<\/td><\/tr><\/tbody><\/table><\/figure>\n\n\n\n<div class=\"wp-block-buttons is-layout-flex wp-block-buttons-is-layout-flex\">\n<div class=\"wp-block-button is-style-outline is-style-outline--1\"><a class=\"wp-block-button__link has-palette-color-9-color has-text-color has-link-color wp-element-button\">Osta t\u00e4st\u00e4<\/a><\/div>\n<\/div>\n","protected":false},"excerpt":{"rendered":"<p>Tampere Filharmonian historiikki on kertomus tehdaskaupungista, jolla oli unelma sinfoniaorkesterista. Unelma toteutui, mutta tehdaskaupunkia ei en\u00e4\u00e4 ole;\u00a0viimeinen kone Tampereen keskustan viimeisell\u00e4 tehtaalla sammui kes\u00e4kuussa 2025, kun Takon kartonkitehdas suljettiin.\u00a0Vaikka orkesteri muuttuu, vastaa ajan uhkiin ja haasteisiin, sen perusteht\u00e4v\u00e4 ja toimintatavat pysyv\u00e4t. Sinfoniaorkesteri taidelaitoksena on parin vuosisadan aikana hioutunut timantti, jonka hienous on kyvyss\u00e4 luoda uutta, [&hellip;]<\/p>\n","protected":false},"author":1,"featured_media":0,"parent":0,"menu_order":0,"comment_status":"closed","ping_status":"closed","template":"","meta":{"footnotes":""},"class_list":["post-516","page","type-page","status-publish","hentry"],"blocksy_meta":[],"_links":{"self":[{"href":"https:\/\/testi.stresa.fi\/index.php\/wp-json\/wp\/v2\/pages\/516","targetHints":{"allow":["GET"]}}],"collection":[{"href":"https:\/\/testi.stresa.fi\/index.php\/wp-json\/wp\/v2\/pages"}],"about":[{"href":"https:\/\/testi.stresa.fi\/index.php\/wp-json\/wp\/v2\/types\/page"}],"author":[{"embeddable":true,"href":"https:\/\/testi.stresa.fi\/index.php\/wp-json\/wp\/v2\/users\/1"}],"replies":[{"embeddable":true,"href":"https:\/\/testi.stresa.fi\/index.php\/wp-json\/wp\/v2\/comments?post=516"}],"version-history":[{"count":1,"href":"https:\/\/testi.stresa.fi\/index.php\/wp-json\/wp\/v2\/pages\/516\/revisions"}],"predecessor-version":[{"id":518,"href":"https:\/\/testi.stresa.fi\/index.php\/wp-json\/wp\/v2\/pages\/516\/revisions\/518"}],"wp:attachment":[{"href":"https:\/\/testi.stresa.fi\/index.php\/wp-json\/wp\/v2\/media?parent=516"}],"curies":[{"name":"wp","href":"https:\/\/api.w.org\/{rel}","templated":true}]}}