{"id":519,"date":"2026-04-12T15:36:13","date_gmt":"2026-04-12T15:36:13","guid":{"rendered":"https:\/\/testi.stresa.fi\/?page_id=519"},"modified":"2026-04-12T15:36:14","modified_gmt":"2026-04-12T15:36:14","slug":"pirjo-puukko-kunnes-jalkasi-kantavat","status":"publish","type":"page","link":"https:\/\/testi.stresa.fi\/index.php\/pirjo-puukko-kunnes-jalkasi-kantavat\/","title":{"rendered":"Pirjo Puukko, Kunnes jalkasi kantavat"},"content":{"rendered":"\n<figure class=\"wp-block-image size-full is-resized\"><img loading=\"lazy\" decoding=\"async\" width=\"464\" height=\"709\" src=\"https:\/\/testi.stresa.fi\/wp-content\/uploads\/2026\/03\/kunnesjalkasi_etukansi.jpg\" alt=\"\" class=\"wp-image-25\" style=\"width:auto;height:400px\" srcset=\"https:\/\/testi.stresa.fi\/wp-content\/uploads\/2026\/03\/kunnesjalkasi_etukansi.jpg 464w, https:\/\/testi.stresa.fi\/wp-content\/uploads\/2026\/03\/kunnesjalkasi_etukansi-196x300.jpg 196w\" sizes=\"auto, (max-width: 464px) 100vw, 464px\" \/><\/figure>\n\n\n\n<p><em>\u201cKuinka pitk\u00e4 matka on mielest\u00e4 toiseen? Joskus se on kuiskauksen p\u00e4\u00e4ss\u00e4 ja toisinaan ei edes huutamalla&nbsp;ylety.\u201d<\/em><\/p>\n\n\n\n<p>Kahden naisen lapsuuden ja nuoruuden taustalla soivat erilaiset \u00e4\u00e4net, jotka kirjailevat mieleen omia j\u00e4lki\u00e4\u00e4n. Ellin lapsuus it\u00e4suomalaisessa maalaismaisemassa vaihtuu sodan jymyn t\u00e4ytt\u00e4m\u00e4\u00e4n nuoruuteen. H\u00e4nen tytt\u00e4rens\u00e4 Anita kokee maaltamuuton Helsinkiin 50-luvun j\u00e4lleenrakennuskaudella ja el\u00e4\u00e4 nuoruutensa 60-luvulla sodanvastaisten iskulauseiden keskell\u00e4.<br>Kunnes jalkasi kantavat kuvaa Ellin ja Anitan kasvua naisiksi ja \u00e4ideiksi. Elli p\u00e4\u00e4tti kulkea kohti parempaa. \u00c4iditt\u00f6m\u00e4n tyt\u00f6n kirvelev\u00e4t kokemukset py\u00f6riv\u00e4t h\u00e4ness\u00e4 kuin kivet hiidenkirnussa ja kaivautuivat yh\u00e4 syvemm\u00e4lle. Anita ihaili Elli-\u00e4iti\u00e4\u00e4n mutta t\u00f6rm\u00e4yst\u00e4 h\u00e4n ei kyennyt est\u00e4m\u00e4\u00e4n.<\/p>\n\n\n\n<figure class=\"wp-block-table is-style-stripes\"><table><tbody><tr><th class=\"has-text-align-left\" data-align=\"left\">Nimi<\/th><td class=\"has-text-align-left\" data-align=\"left\">Kunnes jalkasi kantavat<\/td><\/tr><tr><th class=\"has-text-align-left\" data-align=\"left\">Kirjailija<\/th><td class=\"has-text-align-left\" data-align=\"left\">Pirjo Puukko<\/td><\/tr><tr><th class=\"has-text-align-left\" data-align=\"left\">ISBN<\/th><td class=\"has-text-align-left\" data-align=\"left\">ISBN&nbsp;978-952-68772-6-6<\/td><\/tr><tr><th class=\"has-text-align-left\" data-align=\"left\">Tuotantovuosi<\/th><td class=\"has-text-align-left\" data-align=\"left\">2019<\/td><\/tr><tr><th class=\"has-text-align-left\" data-align=\"left\">Sivum\u00e4\u00e4r\u00e4<\/th><td class=\"has-text-align-left\" data-align=\"left\">312<\/td><\/tr><tr><th class=\"has-text-align-left\" data-align=\"left\">Hinta<\/th><td class=\"has-text-align-left\" data-align=\"left\">19,80<\/td><\/tr><tr><th class=\"has-text-align-left\" data-align=\"left\">Sidosasu<\/th><td class=\"has-text-align-left\" data-align=\"left\">nidottu<\/td><\/tr><\/tbody><\/table><\/figure>\n\n\n\n<div class=\"wp-block-buttons is-layout-flex wp-block-buttons-is-layout-flex\">\n<div class=\"wp-block-button is-style-outline is-style-outline--1\"><a class=\"wp-block-button__link has-palette-color-9-color has-text-color has-link-color wp-element-button\">Osta t\u00e4st\u00e4<\/a><\/div>\n<\/div>\n","protected":false},"excerpt":{"rendered":"<p>\u201cKuinka pitk\u00e4 matka on mielest\u00e4 toiseen? Joskus se on kuiskauksen p\u00e4\u00e4ss\u00e4 ja toisinaan ei edes huutamalla&nbsp;ylety.\u201d Kahden naisen lapsuuden ja nuoruuden taustalla soivat erilaiset \u00e4\u00e4net, jotka kirjailevat mieleen omia j\u00e4lki\u00e4\u00e4n. Ellin lapsuus it\u00e4suomalaisessa maalaismaisemassa vaihtuu sodan jymyn t\u00e4ytt\u00e4m\u00e4\u00e4n nuoruuteen. H\u00e4nen tytt\u00e4rens\u00e4 Anita kokee maaltamuuton Helsinkiin 50-luvun j\u00e4lleenrakennuskaudella ja el\u00e4\u00e4 nuoruutensa 60-luvulla sodanvastaisten iskulauseiden keskell\u00e4.Kunnes jalkasi [&hellip;]<\/p>\n","protected":false},"author":1,"featured_media":0,"parent":0,"menu_order":0,"comment_status":"closed","ping_status":"closed","template":"","meta":{"footnotes":""},"class_list":["post-519","page","type-page","status-publish","hentry"],"blocksy_meta":[],"_links":{"self":[{"href":"https:\/\/testi.stresa.fi\/index.php\/wp-json\/wp\/v2\/pages\/519","targetHints":{"allow":["GET"]}}],"collection":[{"href":"https:\/\/testi.stresa.fi\/index.php\/wp-json\/wp\/v2\/pages"}],"about":[{"href":"https:\/\/testi.stresa.fi\/index.php\/wp-json\/wp\/v2\/types\/page"}],"author":[{"embeddable":true,"href":"https:\/\/testi.stresa.fi\/index.php\/wp-json\/wp\/v2\/users\/1"}],"replies":[{"embeddable":true,"href":"https:\/\/testi.stresa.fi\/index.php\/wp-json\/wp\/v2\/comments?post=519"}],"version-history":[{"count":1,"href":"https:\/\/testi.stresa.fi\/index.php\/wp-json\/wp\/v2\/pages\/519\/revisions"}],"predecessor-version":[{"id":521,"href":"https:\/\/testi.stresa.fi\/index.php\/wp-json\/wp\/v2\/pages\/519\/revisions\/521"}],"wp:attachment":[{"href":"https:\/\/testi.stresa.fi\/index.php\/wp-json\/wp\/v2\/media?parent=519"}],"curies":[{"name":"wp","href":"https:\/\/api.w.org\/{rel}","templated":true}]}}